{"id":5173,"date":"2021-02-22T10:28:34","date_gmt":"2021-02-22T09:28:34","guid":{"rendered":"https:\/\/www.pgkart.com\/?page_id=5173"},"modified":"2021-02-22T14:48:53","modified_gmt":"2021-02-22T13:48:53","slug":"informativa-trattamento-dati-personali","status":"publish","type":"page","link":"https:\/\/www.pgkart.com\/it\/informativa-trattamento-dati-personali\/","title":{"rendered":"Informativa trattamento dati personali"},"content":{"rendered":"\t\t<div data-elementor-type=\"wp-page\" data-elementor-id=\"5173\" class=\"elementor elementor-5173\" data-elementor-post-type=\"page\">\n\t\t\t\t\t\t<section class=\"elementor-section elementor-top-section elementor-element elementor-element-1d2b6b9 elementor-section-height-min-height elementor-section-boxed elementor-section-height-default elementor-section-items-middle\" data-id=\"1d2b6b9\" data-element_type=\"section\" data-e-type=\"section\" data-settings=\"{&quot;background_background&quot;:&quot;classic&quot;,&quot;shape_divider_bottom&quot;:&quot;waves&quot;}\">\n\t\t\t\t\t\t\t<div class=\"elementor-background-overlay\"><\/div>\n\t\t\t\t\t\t<div class=\"elementor-shape elementor-shape-bottom\" aria-hidden=\"true\" data-negative=\"false\">\n\t\t\t<svg xmlns=\"http:\/\/www.w3.org\/2000\/svg\" viewBox=\"0 0 1000 100\" preserveAspectRatio=\"none\">\n\t<path class=\"elementor-shape-fill\" d=\"M421.9,6.5c22.6-2.5,51.5,0.4,75.5,5.3c23.6,4.9,70.9,23.5,100.5,35.7c75.8,32.2,133.7,44.5,192.6,49.7\n\tc23.6,2.1,48.7,3.5,103.4-2.5c54.7-6,106.2-25.6,106.2-25.6V0H0v30.3c0,0,72,32.6,158.4,30.5c39.2-0.7,92.8-6.7,134-22.4\n\tc21.2-8.1,52.2-18.2,79.7-24.2C399.3,7.9,411.6,7.5,421.9,6.5z\"\/>\n<\/svg>\t\t<\/div>\n\t\t\t\t\t<div class=\"elementor-container elementor-column-gap-default\">\n\t\t\t\t\t<div class=\"elementor-column elementor-col-100 elementor-top-column elementor-element elementor-element-8e12e5c\" data-id=\"8e12e5c\" data-element_type=\"column\" data-e-type=\"column\">\n\t\t\t<div class=\"elementor-widget-wrap elementor-element-populated\">\n\t\t\t\t\t\t<div class=\"elementor-element elementor-element-97fbdc0 elementor-widget elementor-widget-heading\" data-id=\"97fbdc0\" data-element_type=\"widget\" data-e-type=\"widget\" data-widget_type=\"heading.default\">\n\t\t\t\t\t<h1 class=\"elementor-heading-title elementor-size-default\">Informativa trattamento dati personali<\/h1>\t\t\t\t<\/div>\n\t\t\t\t\t<\/div>\n\t\t<\/div>\n\t\t\t\t\t<\/div>\n\t\t<\/section>\n\t\t\t\t<section class=\"elementor-section elementor-top-section elementor-element elementor-element-967b4c1 elementor-section-boxed elementor-section-height-default elementor-section-height-default\" data-id=\"967b4c1\" data-element_type=\"section\" data-e-type=\"section\">\n\t\t\t\t\t\t<div class=\"elementor-container elementor-column-gap-default\">\n\t\t\t\t\t<div class=\"elementor-column elementor-col-100 elementor-top-column elementor-element elementor-element-b3f7521\" data-id=\"b3f7521\" data-element_type=\"column\" data-e-type=\"column\">\n\t\t\t<div class=\"elementor-widget-wrap elementor-element-populated\">\n\t\t\t\t\t\t<div class=\"elementor-element elementor-element-dfee8ff elementor-widget elementor-widget-text-editor\" data-id=\"dfee8ff\" data-element_type=\"widget\" data-e-type=\"widget\" data-widget_type=\"text-editor.default\">\n\t\t\t\t\t\t\t\t\t<h3>Informativa sul trattamento dei dati personali [ articolo 13 del reg. (U.E.) n. 679\/2016 ]<\/h3><p>Gentile Cliente,<\/p><p>conformemente a quanto previsto dall\u2019art. 13 del reg. (U.E.) n. 679\/2016 del Parlamento europeo e del Consiglio del 27 aprile 2016, relativo alla protezione delle persone fisiche con riguardo al trattamento dei dati personali, nonch\u00e9 alla libera circolazione di tali dati &#8211; da qui in poi, reg. (U.E.) &#8211; Le forniamo le seguenti informazioni sul trattamento dei Suoi dati personali:<\/p><p>\u00a0<\/p><p><strong>Dati di contatto del titolare del trattamento dei Suoi dati personali:<\/strong><\/p><p>Il titolare del trattamento dei Suoi dati personali \u00e8 <strong>PGK DESIGN SRL Unipersonale<\/strong>, avente sede legale in via <strong>Via G. Uberti, 12 20129 Milano MI<\/strong> e contattabile al numero telefonico <strong>339 2336368<\/strong> o all\u2019indirizzo e-mail \u2018<strong>info@pgkart.com<\/strong>\u2019.<\/p><p><strong>Decisione di nominare il responsabile della protezione dei dati personali:<\/strong><\/p><p>Il titolare del trattamento ha deciso di non nominare il responsabile della protezione dei dati personali, in quanto <strong>PGK DESIGN SRL Unipersonale<\/strong>, oltre a non esservi obbligato secondo quanto previsto dall\u2019art. 37, pp. 1 e 4 del reg. (U.E.), ha valutato tale nomina come attualmente non necessaria.<\/p><p><strong>Finalit\u00e0 e connesse basi giuridiche dei trattamenti dei Suoi dati personali:<\/strong><\/p><p>I Suoi dati personali, adeguati, pertinenti e limitati a quanto necessario, saranno trattati da parte di <strong>PGK DESIGN SRL Unipersonale<\/strong> in modo lecito, corretto e trasparente nei Suoi confronti e in maniera da garantire un\u2019adeguata sicurezza degli stessi per le seguenti finalit\u00e0:<\/p><ul><li>l\u2019esecuzione del contratto stipulato tra Lei e <strong>PGK DESIGN SRL Unipersonale<\/strong> da parte dello stesso, comprendente la sua registrazione per l\u2019utilizzo dell\u2019attrazione: la condizione di liceit\u00e0 \u00e8 la necessit\u00e0 di eseguire un contratto di cui l\u2019Interessato \u00e8 parte, ai sensi dell\u2019art. 6, p. 1, l. b) del reg. (U.E.);<\/li><li>l\u2019esecuzione del contratto stipulato tra Lei e <strong>PGK DESIGN SRL Unipersonale<\/strong> da parte dello stesso, comprendente l\u2019invio attraverso posta elettronica o sul suo account dell\u2019APP dei risultati della corsa e della classifica della stessa: la condizione di liceit\u00e0 \u00e8 la necessit\u00e0 di eseguire un contratto di cui l\u2019Interessato \u00e8 parte, ai sensi dell\u2019art. 6, p. 1, l. b) del reg. (U.E.);<\/li><li>l\u2019adempimento a un obbligo civilistico e fiscale da parte del titolare del trattamento: la condizione di liceit\u00e0 \u00e8 la necessit\u00e0 di adempiere a un obbligo legale al quale \u00e8 soggetto il titolare del trattamento, ai sensi dell\u2019art. 6, p. 1, l. c) del reg. (U.E.);<\/li><li>l\u2019adempimento a un obbligo in materia di protezione dei dati personali e qualsiasi altro obbligo sancito da una disposizione normativa cui \u00e8 soggetto il titolare del trattamento: la condizione di liceit\u00e0 \u00e8 la necessit\u00e0 di adempiere a un obbligo legale al quale \u00e8 soggetto il titolare del trattamento, ai sensi dell\u2019art. 6, p. 1, l. c) del reg. (U.E.);<\/li><li>l\u2019eventuale esercizio del diritto di difesa nei Suoi confronti da parte del titolare del trattamento: la condizione di liceit\u00e0 \u00e8 la necessit\u00e0 di perseguire il legittimo interesse (tutela legale) del titolare del trattamento, ai sensi dell\u2019art. 6, p. 1, l. f) del reg. (U.E.);<\/li><li>la tutela del patrimonio aziendale da parte del titolare del trattamento, includente la manutenzione degli hardware, la manutenzione dei software e la manutenzione della posta elettronica: la condizione di liceit\u00e0 \u00e8 la necessit\u00e0 di perseguire il legittimo interesse (tutela del patrimonio aziendale) del titolare del trattamento, ai sensi dell\u2019art. 6, p. 1, l. f) del reg. (U.E.);<\/li><li>la tutela del patrimonio aziendale da parte del titolare del trattamento, includente la registrazione delle corse cui parteciper\u00e0: la condizione di liceit\u00e0 \u00e8 la necessit\u00e0 di perseguire il legittimo interesse (tutela del patrimonio aziendale) del titolare del trattamento, ai sensi dell\u2019art. 6, p. 1, l. f) del reg. (U.E.);<\/li><li>lo svolgimento di attivit\u00e0 promozionali inerenti iniziative relative all\u2019attrazione, attraverso sms, e-mail, posta ordinaria e applicazioni: la condizione di liceit\u00e0 \u00e8 il consenso al trattamento dei propri dati personali per tale finalit\u00e0 specifica prestato dall\u2019Interessato, ai sensi dell\u2019art. 6, p. 1, l. a) del reg. (U.E.).<\/li><li>lo svolgimento di attivit\u00e0 promozionali e\/o pubblicitarie inerenti all\u2019attivit\u00e0 economica svolta dal titolare del trattamento concernenti la pubblicazione di sue immagine\/video sul sito o sui social di PGK Design Srl Unipersonale: la condizione di liceit\u00e0 \u00e8 il consenso al trattamento dei propri dati personali per tale finalit\u00e0 specifica prestato dall\u2019Interessato, ai sensi dell\u2019art. 6, p. 1, l. a) del reg. (U.E.)<\/li><li>lo svolgimento di attivit\u00e0 promozionali e\/o pubblicitarie inerenti all\u2019attivit\u00e0 economica svolta dal titolare del trattamento: la condizione di liceit\u00e0 \u00e8 il consenso al trattamento dei propri dati personali per tale finalit\u00e0 specifica prestato dall\u2019Interessato, ai sensi dell\u2019art. 6, p. 1, l. a) del reg. (U.E.).<\/li><\/ul><p><strong>Eventuali categorie di destinatari dei Suoi dati personali:<\/strong><\/p><p>Per quanto concerne il trattamento dei Suoi dati personali svolto da <strong>PGK DESIGN SRL Unipersonale<\/strong> per le finalit\u00e0 sopra elencate, le eventuali categorie di destinatari dei Suoi dati personali potranno essere:<\/p><ul><li>dipendenti, collaboratori, tirocinanti e amministratori del titolare del trattamento, in qualit\u00e0 di incaricati al trattamento dei Suoi dati personali, al fine di eseguire il contratto stipulato tra Lei e il medesimo, adempiere a un obbligo civilistico e fiscale, adempiere a un obbligo in materia di protezione dei dati personali e a qualsiasi altro obbligo sancito da una disposizione normativa cui \u00e8 soggetto il titolare del trattamento, eventualmente tutelarsi legalmente nei Suoi confronti e svolgere attivit\u00e0 promozionali e\/o pubblicitarie: si precisa che tutti tali soggetti sono debitamente formati circa le misure adeguate da adottare al fine di proteggere i Suoi dati personali, ai sensi dell\u2019art. 29 del reg. (U.E.);<\/li><li>soggetti esterni alla nostra struttura organizzativa, in qualit\u00e0 di responsabili del trattamento dei Suoi dati personali, al fine di eseguire il contratto stipulato tra Lei e il medesimo (es: intermediari bancari, consulenti tecnici);<\/li><li>soggetti esterni alla nostra struttura organizzativa, in qualit\u00e0 di responsabili del trattamento dei Suoi dati personali, al fine di adempiere ad un obbligo civilistico e fiscale (es: commercialisti, esperti contabili, centri elaborazione dati);<\/li><li>soggetti esterni alla nostra struttura organizzativa in qualit\u00e0 di responsabili del trattamento dei Suoi dati personali, al fine adempiere a un obbligo in materia di protezione dei dati personali e a qualsiasi altro obbligo sancito da una disposizione normativa cui \u00e8 soggetto il titolare del trattamento (es: societ\u00e0 e consulenti di settore);<\/li><li>soggetti esterni alla nostra struttura organizzativa, al fine di eventualmente tutelarsi legalmente nei Suoi confronti (avvocati e studi legali);<\/li><li>soggetti esterni alla nostra struttura organizzativa in qualit\u00e0 di responsabili del trattamento dei Suoi dati personali, al fine di tutelare il patrimonio aziendale (es: tecnici hardware, software, di rete e di posta elettronica);<\/li><li>soggetti esterni alla nostra struttura organizzativa, in qualit\u00e0 di responsabili del trattamento dei Suoi dati personali, al fine di svolgere l\u2019attivit\u00e0 promozionali e\/o pubblicitarie inerenti all\u2019attivit\u00e0 economica svolta dal titolare del trattamento.<\/li><\/ul><p>Si precisa che tutte le figure sopra citate sono vincolate al titolare del trattamento da un apposito contratto prevedente misure adeguate da adottare per garantire la protezione dei Suoi dati personali, ai sensi dell\u2019art. 28 del reg. (U.E.).<\/p><p><strong>Decisione di trasferire i Suoi dati personali verso un Paese terzo o un\u2019Organizzazione internazionale:<\/strong><\/p><p>Il titolare del trattamento ha deciso di non trasferire i Suoi dati personali verso un Paese terzo o un\u2019Organizzazione internazionale, in quanto \u00e8 stato valutato come attualmente non necessario.<\/p><p><strong>Periodo di conservazione dei Suoi dati personali:<\/strong><\/p><p><strong>PGK DESIGN SRL Unipersonale<\/strong> conserver\u00e0 i Suoi dati personali trattati da parte dello stesso ai fini dell\u2019esecuzione del contratto stipulato tra Lei e lo stesso, della tutela del patrimonio aziendale, dell\u2019adempimento a un obbligo civilistico e fiscale e dell\u2019adempimento a un obbligo in materia di protezione dei dati personali e qualsiasi altro obbligo sancito da una disposizione normativa cui \u00e8 soggetto il titolare del trattamento in una forma che consenta la Sua identificazione per un arco temporale pari all\u2019esecuzione del contratto tra Lei e lo stesso e per un ulteriore arco temporale pari a 10 anni ai fini dell\u2019eventuale ulteriore trattamento entro il termine di prescrizione ordinaria, per poi provvedere alla loro distruzione o cancellazione.<\/p><p><strong>PGK DESIGN SRL Unipersonale<\/strong> conserver\u00e0 i Suoi dati personali trattati da parte dello stesso ai fini dell\u2019eventuale esercizio del diritto di difesa nei Suoi confronti in una forma che consenta la Sua identificazione soltanto per un arco temporale pari all\u2019eventuale tutela legale nei Suoi confronti, per poi provvedere alla loro distruzione o cancellazione.<\/p><p><strong>PGK DESIGN SRL Unipersonale<\/strong> conserver\u00e0 i Suoi dati personali trattati da parte dello stesso ai fini dello svolgimento dell\u2019attivit\u00e0 promozionali e\/o pubblicitarie inerenti all\u2019attivit\u00e0 economica svolta dal titolare del trattamento in una forma che consenta la Sua identificazione soltanto per un arco temporale pari alla sussistenza del consenso al trattamento dei Suoi dati personali per tale finalit\u00e0 specifica da Lei prestato, per poi provvedere alla loro distruzione o cancellazione.<\/p><p>\u00a0<\/p><p><strong>Suoi diritti:<\/strong><\/p><p>Lei, in qualit\u00e0 di Interessato, pu\u00f2 esercitare i seguenti diritti inviando une e-mail all\u2019indirizzo \u2018<strong>info@pgkart.com<\/strong>\u2019:<\/p><ul><li>accedere ai Suoi dati personali, ai sensi dell\u2019art. 15 del reg. (U.E.) al fine di verificare lo svolgimento di un trattamento dei Suoi dati personali e, in caso affermativo:<ul><li>ottenere informazioni sulle finalit\u00e0 di tale trattamento;<\/li><li>ottenere informazioni sulle categorie di Suoi dati personali trattati;<\/li><li>ottenere informazioni sulle eventuali categorie di destinatari dei Suoi dati personali;<\/li><li>ottenere informazioni sul periodo di conservazione dei Suoi dati personali;<\/li><li>ottenere informazioni sulla sussistenza del Suo diritto di rettificare o cancellare i Suoi dati personali oppure sul Suo diritto di limitare il trattamento degli stessi;<\/li><li>ottenere informazioni sulla sussistenza del Suo diritto di proporre un reclamo al Garante per la protezione dei dati personali;<\/li><li>ottenere informazioni sull\u2019eventuale impiego di un processo decisionale automatizzato nel trattamento dei Suoi dati personali, includenti la logica utilizzata e le conseguenze nei Suoi confronti previste a causa di un simile trattamento;<\/li><\/ul><\/li><li>rettificare i Suoi dati personali, ai sensi dell\u2019art. 16 del reg. (U.E.), in caso di sopravvenuta contestazione dell\u2019esattezza degli stessi;<\/li><li>integrare i Suoi dati personali, ai sensi dell\u2019art. 16 del reg. (U.E.), in caso di sopravvenuta contestazione della completezza degli stessi;<\/li><li>cancellare i Suoi dati personali, ai sensi dell\u2019art. 17 del reg. (U.E.), a meno di necessit\u00e0 di adempiere ad un obbligo legale contrario o accertare, esercitare o difendere un diritto in sede giudiziaria, in caso di:<ul><li>sopravvenuta assenza di necessit\u00e0 di trattare tali dati personali per le dichiarate finalit\u00e0;<\/li><li>sopravvenuto esercizio del Suo diritto di opposizione al trattamento, escludente la prevalenza dell\u2019interesse legittimo del titolare del trattamento sui Suoi interessi o diritti e libert\u00e0 fondamentali;<\/li><li>sopravvenuto accertamento dell\u2019illiceit\u00e0 del trattamento dei Suoi dati personali;<\/li><li>sopravvenuta sussistenza di un obbligo legale imponente la cancellazione di tali dati personali;<\/li><\/ul><\/li><li>limitare il trattamento dei Suoi dati personali, ai sensi dell\u2019art. 18 del reg. (U.E.), in caso di:<ul><li>sopravvenuta contestazione dell\u2019esattezza di tali dati personali, anche se limitatamente all\u2019arco temporale necessario alla conseguente verifica da parte del titolare del trattamento;<\/li><li>sopravvenuto accertamento dell\u2019illiceit\u00e0 del trattamento dei Suoi dati personali, integrato dalla successiva opposizione alla cancellazione degli stessi;<\/li><li>sopravvenuta assenza di necessit\u00e0 di trattare tali dati personali per le dichiarate finalit\u00e0, integrata dalla contemporanea necessit\u00e0 di trattare gli stessi per accertare, esercitare o difendere un diritto in sede giudiziaria;<\/li><li>sopravvenuto esercizio del Suo diritto di opposizione al trattamento, anche se limitatamente all\u2019arco temporale necessario alla conseguente verifica da parte del titolare del trattamento;<\/li><\/ul><\/li><li>ricevere in formato strutturato, di uso comune e leggibile da strumento elettronico e, eventualmente, far trasmettere ad un altro titolare del trattamento, ai sensi dell\u2019art. 20 del reg. (U.E.), i Suoi dati personali trattati da parte del titolare del trattamento con mezzi automatizzati;<\/li><li>opporsi al trattamento dei Suoi dati personali, ai sensi dell\u2019art. 21 del reg. (U.E.), in caso di sopravvenuta contestazione della prevalenza dell\u2019interesse legittimo del titolare del trattamento sui Suoi interessi o diritti e libert\u00e0 fondamentali.<\/li><\/ul><p><strong>PGK DESIGN SRL Unipersonale<\/strong> \u00e8 tenuto ad assecondare ogni eventuale Suo esercizio dei Suoi diritti sopra elencati senza ingiustificato ritardo.<\/p><p><strong>Suo diritto di proporre un reclamo:<\/strong><\/p><p>Lei, in qualit\u00e0 di Interessato, pu\u00f2 esercitare il diritto di proporre un reclamo al Garante per la protezione dei dati personali, in caso di sopravvenuta contestazione delle conformit\u00e0 al reg. (U.E.) del trattamento dei Suoi dati personali svolto del titolare del trattamento, ai sensi dell\u2019art. 77 del reg. (U.E.) medesimo, inoltrando l\u2019apposito modulo all\u2019indirizzo e-mail \u2018<a href=\"mailto:protocollo@pec.gpdp.it\">protocollo@pec.gpdp.it<\/a>\u2019.<\/p><p><strong>Natura della comunicazione dei Suoi dati personali:<\/strong><\/p><p>La Sua comunicazione al titolare del trattamento dei Suoi dati personali \u00e8 contrattualmente obbligatoria per quanto concerne l\u2019espletamento delle attivit\u00e0 preliminari alla stipulazione di un contratto e l\u2019eventuale esecuzione di quest\u2019ultimo stipulato tra Lei e il medesimo, adempiere a un obbligo civilistico e fiscale, adempiere a un obbligo in materia di protezione dei dati personali e a qualsiasi altro obbligo sancito da una disposizione normativa cui \u00e8 soggetto il titolare del trattamento.<\/p><p>Infatti, si ricorda che il Suo eventuale rifiuto a fornire tali dati personali comporterebbe per il titolare del trattamento l\u2019impossibilit\u00e0 di adempiere alle appena citate finalit\u00e0.<\/p><p>La Sua comunicazione al titolare del trattamento dei Suoi dati personali non costituisce n\u00e9 un obbligo contrattuale n\u00e9 un obbligo legale per quanto concerne lo svolgimento delle attivit\u00e0 promozionali e\/o pubblicitarie.<\/p><p>Tuttavia, si ricorda che il Suo eventuale rifiuto a comunicare tali dati personali comporterebbe per il titolare del trattamento l\u2019impossibilit\u00e0 di adempiere all\u2019appena citata finalit\u00e0.<\/p><p><strong style=\"color: var( --e-global-color-text ); font-family: var( --e-global-typography-text-font-family ), Sans-serif;\">Decisione di impiegare un sistema decisionale automatizzato nel trattamento dei Suoi dati personali:<\/strong><\/p><p>Il titolare del trattamento ha deciso di non impiegare un sistema decisionale automatizzato nel trattamento dei Suoi dati personali, in quanto attualmente non necessario.<\/p>\t\t\t\t\t\t\t\t<\/div>\n\t\t\t\t<div class=\"elementor-element elementor-element-b07d560 elementor-align-center elementor-mobile-align-center elementor-widget elementor-widget-button\" data-id=\"b07d560\" data-element_type=\"widget\" data-e-type=\"widget\" data-widget_type=\"button.default\">\n\t\t\t\t\t\t\t\t\t\t<a class=\"elementor-button elementor-button-link elementor-size-md\" href=\"https:\/\/www.pgkart.com\/wp-content\/uploads\/2021\/02\/InformativaClienti_PGK_DESIGN_SRL.pdf\" download=\"\">\n\t\t\t\t\t\t<span class=\"elementor-button-content-wrapper\">\n\t\t\t\t\t\t\t\t\t<span class=\"elementor-button-text\">SCARICA L'INFORMATIVA<\/span>\n\t\t\t\t\t<\/span>\n\t\t\t\t\t<\/a>\n\t\t\t\t\t\t\t\t<\/div>\n\t\t\t\t\t<\/div>\n\t\t<\/div>\n\t\t\t\t\t<\/div>\n\t\t<\/section>\n\t\t\t\t<\/div>\n\t\t","protected":false},"excerpt":{"rendered":"<p>Informativa sul trattamento dei dati personali [ articolo 13 del reg. (U.E.) n. 679\/2016 ] Gentile Cliente, conformemente a quanto previsto dall\u2019art. 13 del reg. (U.E.) n. 679\/2016 del Parlamento europeo e del Consiglio del 27 aprile 2016, relativo alla protezione delle persone fisiche con riguardo al trattamento dei dati personali, nonch\u00e9 alla libera circolazione &#8230; <a title=\"Informativa trattamento dati personali\" class=\"read-more\" href=\"https:\/\/www.pgkart.com\/it\/informativa-trattamento-dati-personali\/\" aria-label=\"Per saperne di pi\u00f9 su Informativa trattamento dati personali\">Leggi tutto<\/a><\/p>\n","protected":false},"author":1,"featured_media":0,"parent":0,"menu_order":0,"comment_status":"closed","ping_status":"closed","template":"elementor_header_footer","meta":{"footnotes":""},"class_list":["post-5173","page","type-page","status-publish"],"_links":{"self":[{"href":"https:\/\/www.pgkart.com\/it\/wp-json\/wp\/v2\/pages\/5173","targetHints":{"allow":["GET"]}}],"collection":[{"href":"https:\/\/www.pgkart.com\/it\/wp-json\/wp\/v2\/pages"}],"about":[{"href":"https:\/\/www.pgkart.com\/it\/wp-json\/wp\/v2\/types\/page"}],"author":[{"embeddable":true,"href":"https:\/\/www.pgkart.com\/it\/wp-json\/wp\/v2\/users\/1"}],"replies":[{"embeddable":true,"href":"https:\/\/www.pgkart.com\/it\/wp-json\/wp\/v2\/comments?post=5173"}],"version-history":[{"count":0,"href":"https:\/\/www.pgkart.com\/it\/wp-json\/wp\/v2\/pages\/5173\/revisions"}],"wp:attachment":[{"href":"https:\/\/www.pgkart.com\/it\/wp-json\/wp\/v2\/media?parent=5173"}],"curies":[{"name":"wp","href":"https:\/\/api.w.org\/{rel}","templated":true}]}}