{"id":3,"date":"2019-11-27T10:48:42","date_gmt":"2019-11-27T09:48:42","guid":{"rendered":"https:\/\/www.pgkart.com\/?page_id=3"},"modified":"2023-12-12T13:00:07","modified_gmt":"2023-12-12T12:00:07","slug":"privacy","status":"publish","type":"page","link":"https:\/\/www.pgkart.com\/it\/privacy\/","title":{"rendered":"Privacy Policy"},"content":{"rendered":"\t\t<div data-elementor-type=\"wp-page\" data-elementor-id=\"3\" class=\"elementor elementor-3\" data-elementor-post-type=\"page\">\n\t\t\t\t\t\t<section class=\"elementor-section elementor-top-section elementor-element elementor-element-192ee3eb elementor-section-height-min-height elementor-section-boxed elementor-section-height-default elementor-section-items-middle\" data-id=\"192ee3eb\" data-element_type=\"section\" data-e-type=\"section\" data-settings=\"{&quot;background_background&quot;:&quot;classic&quot;,&quot;shape_divider_bottom&quot;:&quot;waves&quot;}\">\n\t\t\t\t\t\t\t<div class=\"elementor-background-overlay\"><\/div>\n\t\t\t\t\t\t<div class=\"elementor-shape elementor-shape-bottom\" aria-hidden=\"true\" data-negative=\"false\">\n\t\t\t<svg xmlns=\"http:\/\/www.w3.org\/2000\/svg\" viewBox=\"0 0 1000 100\" preserveAspectRatio=\"none\">\n\t<path class=\"elementor-shape-fill\" d=\"M421.9,6.5c22.6-2.5,51.5,0.4,75.5,5.3c23.6,4.9,70.9,23.5,100.5,35.7c75.8,32.2,133.7,44.5,192.6,49.7\n\tc23.6,2.1,48.7,3.5,103.4-2.5c54.7-6,106.2-25.6,106.2-25.6V0H0v30.3c0,0,72,32.6,158.4,30.5c39.2-0.7,92.8-6.7,134-22.4\n\tc21.2-8.1,52.2-18.2,79.7-24.2C399.3,7.9,411.6,7.5,421.9,6.5z\"\/>\n<\/svg>\t\t<\/div>\n\t\t\t\t\t<div class=\"elementor-container elementor-column-gap-default\">\n\t\t\t\t\t<div class=\"elementor-column elementor-col-100 elementor-top-column elementor-element elementor-element-2262dcd7\" data-id=\"2262dcd7\" data-element_type=\"column\" data-e-type=\"column\">\n\t\t\t<div class=\"elementor-widget-wrap elementor-element-populated\">\n\t\t\t\t\t\t<div class=\"elementor-element elementor-element-339465ec elementor-widget elementor-widget-heading\" data-id=\"339465ec\" data-element_type=\"widget\" data-e-type=\"widget\" data-widget_type=\"heading.default\">\n\t\t\t\t\t<h1 class=\"elementor-heading-title elementor-size-default\">Privacy Policy<\/h1>\t\t\t\t<\/div>\n\t\t\t\t\t<\/div>\n\t\t<\/div>\n\t\t\t\t\t<\/div>\n\t\t<\/section>\n\t\t\t\t<section class=\"elementor-section elementor-top-section elementor-element elementor-element-bcc7d05 elementor-section-boxed elementor-section-height-default elementor-section-height-default\" data-id=\"bcc7d05\" data-element_type=\"section\" data-e-type=\"section\">\n\t\t\t\t\t\t<div class=\"elementor-container elementor-column-gap-default\">\n\t\t\t\t\t<div class=\"elementor-column elementor-col-100 elementor-top-column elementor-element elementor-element-e772410\" data-id=\"e772410\" data-element_type=\"column\" data-e-type=\"column\">\n\t\t\t<div class=\"elementor-widget-wrap elementor-element-populated\">\n\t\t\t\t\t\t<div class=\"elementor-element elementor-element-247f4af elementor-widget__width-initial elementor-widget elementor-widget-text-editor\" data-id=\"247f4af\" data-element_type=\"widget\" data-e-type=\"widget\" data-widget_type=\"text-editor.default\">\n\t\t\t\t\t\t\t\t\t<h2>INFORMAZIONI RELATIVE AL TRATTAMENTO DEI DATI PERSONALI<\/h2><p><strong>Ai sensi del D. Lgs. 196\/2003, adeguato dal d. lgs. 101\/2018 al GDPR 679\/16 EU (Artt. 13, 14) <u><br \/><\/u><\/strong><\/p><p><strong><u>TITOLARE DEL TRATTAMENTO<\/u><\/strong><\/p><p><em><u>PGK Design S.r.l. Unipersonale<\/u><\/em><\/p><p><em>Via Giulio Uberti, 12 20129 Milano (MI)<\/em><\/p><ol><li><em> P.Iva e C. Fiscale 08432260969<\/em><\/li><\/ol><p><em>E-mail: <\/em><a href=\"mailto:privacy@pgkart.com\"><em>privacy@pgkart.com<\/em><em>;<\/em><\/a> <em>Tel. +39.339.2336368<\/em>;<\/p><h3>FINALITA\u2019 DEL TRATTAMENTO DEI DATI<\/h3><ul><li>Gestione e manutenzione del sito web <a href=\"http:\/\/www.pgkart.com\/\">pgkart.com<\/a> (di seguito, per brevit\u00e0, \u201csito\u201d);<\/li><li>Gestione delle richieste dell\u2019Interessato a seguito di compilazione di apposito form disponibile sul sito;<\/li><li>Tutela della sicurezza e della funzionalit\u00e0 del sito;<\/li><li>Gestione delle statistiche di accesso al sito e suo utilizzo sulla base di dati (I dati potrebbero essere utilizzati per l\u2019accertamento di responsabilit\u00e0 in casi di ipotetici reati informatici o azioni compiute ai danni del sito);<\/li><\/ul><h3>FONTE DEI DATI PERSONALI<\/h3><p>I dati sono raccolti direttamente presso l\u2019Interessato attraverso il sito in sede di accesso al sito e navigazione web al suo interno e in occasione dell\u2019utilizzo della form di contatto;<\/p><h3>MODALIT\u00c0 DI TRATTAMENTO DEI DATI PERSONALI<\/h3><ul><li>I dati sono trattati con strumentazioni informatiche da personale autorizzato o con sistemi automatizzati in caso di gestione dei cookies e dei dati raccolti in occasione della navigazione web dell\u2019utente;<\/li><li>I dati raccolti sono protetti con idonee misure di sicurezza tecnico organizzative;<\/li><li>Il trattamento si svolge in conformit\u00e0 con le \u201cLinee guida cookie e altri strumenti di tracciamento\u201d 10 giugno 2021 del Garante per la protezione dei dati personali &#8211; <em>Gazzetta Ufficiale n. 163 del 9 luglio 2021;<\/em><\/li><li>Eventuali cookies non tecnici sono raccolti esclusivamente previo consenso dell\u2019Interessato fornito in modalit\u00e0 libera, separata e attiva;<\/li><\/ul><h3>BASI GIURIDICHE DEI TRATTAMENTI DI DATI PERSONALI<\/h3><p>Per le attivit\u00e0 di gestione e manutenzione del sito e per la gestione delle richieste dell\u2019Interessato a seguito di compilazione di apposito form disponibile sul sito;<\/p><ul><li>Art. 6 par 1 b) il trattamento \u00e8 necessario all\u2019esecuzione di un contratto di cui l\u2019interessato \u00e8 parte o all\u2019esecuzione di misureprecontrattuali adottate su richiesta dello stesso;<\/li><li>Per finalit\u00e0 di tutela della sicurezza e della funzionalit\u00e0 del sito (cookies c.d. tecnici e cookies analytics di prime e terze parti assimilabili a cookies tecnici):<\/li><li>6 par 1 b) il trattamento \u00e8 necessario all\u2019esecuzione di un contratto di cui l\u2019interessato \u00e8 parte o all\u2019esecuzione di misure precontrattuali adottate su richiesta dello stesso; Per le altre finalit\u00e0 (altre tipologie di cookies non tecnici):<\/li><li>6 par 1 a) l\u2019interessato ha espresso il consenso al trattamento dei propri dati personali per una o pi\u00f9 specifiche finalit\u00e0;<\/li><\/ul><h3>NATURA DEL CONFERIMENTO DEI DATI<\/h3><ul><li>Per le attivit\u00e0 di gestione e manutenzione del sito e per le attivit\u00e0 di tutela della sicurezza e della funzionalit\u00e0 del sito web, il conferimento dei dati \u00e8 obbligatorio e necessario per le attivit\u00e0 di navigazione web dell\u2019utente;<\/li><li>Per la gestione delle richieste di contatto attraverso l\u2019apposita sezione del sito, il conferimento dei dati \u00e8 facoltativo, il mancato conferimento dei dati non consentirebbe di inviare richieste attraverso l\u2019apposito form del sito web;<\/li><li>Per le attivit\u00e0 connesse alla raccolta di cookies \u201cnon tecnici\u201d, il conferimento dei dati \u00e8 facoltativo. Il mancato conferimento dei dati e del consenso al loro trattamento non consentirebbe la fruizione di servizi di personalizzazione dell\u2019esperienza e dell\u2019utilizzo di servizi esterni al sito;<\/li><\/ul><p>Di seguito i link agli strumenti di disabilitazione dei principali browser:<\/p><ul><li><a href=\"https:\/\/support.google.com\/chrome\/answer\/95647?hl=it&amp;p=cpn_cookies\" target=\"_blank\" rel=\"noopener\">Google Chrome<\/a><\/li><li><a href=\"https:\/\/support.mozilla.org\/it\/kb\/Attivare%20e%20disattivare%20i%20cookie\" target=\"_blank\" rel=\"noopener\">Mozilla Firefox<\/a><\/li><li><a href=\"https:\/\/support.apple.com\/it-it\/guide\/safari\/manage-cookies-and-website-data-sfri11471\/\" target=\"_blank\" rel=\"noopener\">Apple Safari<\/a><\/li><li><a href=\"http:\/\/windows.microsoft.com\/it-it\/windows-vista\/block-or-allow-cookies\" target=\"_blank\" rel=\"noopener\">Microsoft Internet Explorer<\/a><\/li><li><a href=\"https:\/\/support.microsoft.com\/it-it\/help\/4027947\" target=\"_blank\" rel=\"noopener\">Microsoft Edge<\/a><\/li><li><a href=\"https:\/\/support.brave.com\/hc\/articles\/360022806212-How-do-I-use-Shields-while-browsing\" target=\"_blank\" rel=\"noopener\">Brave<\/a><\/li><li><a href=\"https:\/\/help.opera.com\/latest\/web-preferences\/#cookies\" target=\"_blank\" rel=\"noopener\">Opera<\/a><\/li><\/ul><h3>INFORMAZIONI RACCOLTE DAL TITOLARE DEL TRATTAMENTO<\/h3><p>I Dati raccolti sono relativi a informazioni connesse all\u2019accesso e alla navigazione dell\u2019utente sul sito e informazioni comunicate in sede di utilizzo della form di contatto, tra cui;<\/p><ul><li>Informazioni anagrafiche (Nome, cognome, data e luogo di nascita, genere m\/f);<\/li><li>Informazioni di contatto (indirizzo e-mail, recapito telefonico);<\/li><li>Servizi e prodotti di interesse;<\/li><li>Informazioni spontaneamente comunicate dall\u2019Interessato;<\/li><li>Indirizzo ip;<\/li><li>Dati di utilizzo;<\/li><li>Cookies necessari raccolti durante la navigazione per funzionalit\u00e0 del sito web;<\/li><li>Cookies di funzionalit\u00e0 per agevolare il funzionamento dei servizi;<\/li><li>Cookies statistici e di prestazione anonimizzati per valutare la funzionalit\u00e0 del sito;<\/li><li>Cookies per interagire con i servizi social media accessibili tramite il sito web;<\/li><\/ul><h3>Definizione di cookies:<\/h3><p>I cookies sono stringhe di testo che i siti web visitati dall\u2019utente o siti di terze parti posizionano e archiviano all\u2019interno di un dispositivo terminale nella disponibilit\u00e0 dell\u2019utente con sistema di identificazione attiva. Analoghe funzioni possono essere svolte da altri strumenti con identificazione c.d. passiva;<\/p><h3>Cookies tecnici<\/h3><p>Sono utilizzati per \u201ceffettuare la trasmissione di una comunicazione su una rete di comunicazione elettronica, o nella misura strettamente necessaria al fornitore di un servizio della societ\u00e0 dell\u2019informazione esplicitamente richiesto dal contraente o dall\u2019utente a erogare tale servizio\u201d;<\/p><h3>Cookies analytics di prime e terze parti assimilabili a cookies tecnici<\/h3><p>Sono utilizzati in forma anonima per produrre statistiche aggregate e in relazione esclusivamente al sito web o alla singola applicazione mobile. Nei casi di terze parti i cookies non sono combinati con altre elaborazioni o trasmessi ad ulteriori soggetti terzi, fatti salvi domini web riconducibili a un medesimo publisher o gruppo imprenditoriale;<\/p><h3>Cookies non tecnici<\/h3><p>Cookies utilizzati a ricondurre a soggetti determinati, identificati o identificabili, specifiche azioni o schemi comportamentali ricorrenti nell\u2019uso di funzionalit\u00e0 offerte al fine del raggruppamento dei diversi profili all\u2019interno di cluster omogenei di diversa ampiezza, in modo che sia possibile anche modulare la fornitura del servizio in modo sempre pi\u00f9 personalizzato, nonch\u00e9 inviare messaggi pubblicitari mirati, cio\u00e8 in linea con le preferenze manifestate dall\u2019utente nell\u2019ambito della navigazione in rete;<\/p><h3>DESTINATARI DELLE INFORMAZIONI<\/h3><ul><li>Autorizzati al trattamento interni o esterni all\u2019Organizzazione;<\/li><li>Fornitori di servizi informatici quali, a titolo esemplificativo, hosting provider, societ\u00e0 informatiche, agenzie di comunicazione. Elenco completo dei destinatari, con particolare riferimento ai soggetti che operano in qualit\u00e0 di Responsabili del trattamento \u00e8 disponibile in forma aggiornata presso la sede del Titolare del trattamento;<\/li><li>Autorit\u00e0 di legge dietro richiesta di fornitura delle informazioni;<\/li><\/ul><h3>TRASFERIMENTO DELLE INFORMAZIONI FUORI DAL TERRITORIO UE<\/h3><p>I dati personali non sono soggetti a trasferimento in paesi esteri dell\u2019Unione Europea o extra UE. L\u2019eventuale trasferimento avverrebbe peraltro nel rispetto degli artt. 45, 46 DEL GDPR 679\/16 EU;<\/p><h3>CONSERVAZIONE DEI DATI PERSONALI<\/h3><ul><li>I dati raccolti attraverso la form di contatto sul sito web sono conservati per la durata necessaria al raggiungimento delle finalit\u00e0 e per un periodo ulteriore di 10 anni;<\/li><li>I cookies di sessione (non persistenti) sono conservati limitatamente alla sessione di navigazione e sono cancellati automaticamente alla chiusura della sessione stessa;<\/li><li>I cookies persistenti sono conservati per una durata non superiore ai 36 mesi e successivamente Tuttavia, navigando sul sito, si pu\u00f2 interagire con siti gestiti da terze parti che possono creare o modificare cookie permanenti e di profilazione;<\/li><li>I cookies statistici sono conservati per un tempo illimitato in forma anonima;<\/li><li>&#8216;utente pu\u00f2 decidere se accettare o meno i cookie utilizzando le impostazioni del proprio <em>browser<\/em>. La fruibilit\u00e0 dei contenuti pubblici \u00e8 possibile anche disabilitando i cookie. La disabilitazione dei cookie \u201cterze parti\u201d non pregiudica in alcun modo la navigabilit\u00e0. L&#8217;impostazione pu\u00f2 essere definita in modo specifico per i diversi siti e applicazioni Inoltre, i migliori <em>browser <\/em>consentono di definire impostazioni diverse per i cookie \u201cproprietari\u201d e per quelli di \u201cterze parti. I link alle pagine di personalizzazione dei browser pi\u00f9 comuni sono forniti nella sezione \u201cmodalit\u00e0 del trattamento\u201d;<\/li><\/ul><h3>DIRITTI DELL\u2019INTERESSATO<\/h3><p>I diritti dell\u2019Interessato (artt. dal 15 al 22) prevedono la possibilit\u00e0 di<\/p><ul><li>accedere ai Suoi dati personali, ai sensi dell\u2019art. 15 del (U.E.) al fine di verificare lo svolgimento di un trattamento dei Suoi dati personali;<\/li><li>rettificare i Suoi dati personali, ai sensi dell\u2019art. 16 del (U.E.), in caso di sopravvenuta contestazione dell\u2019esattezza degli stessi;<\/li><li>integrare i Suoi dati personali, ai sensi dell\u2019art. 16 del (U.E.), in caso di sopravvenuta contestazione della completezza degli stessi<\/li><li>cancellare i Suoi dati personali, ai sensi dell\u2019art. 17 del (U.E.), a meno di necessit\u00e0 di adempiere ad un obbligo<\/li><li>sopravvenuta assenza di necessit\u00e0 di trattare tali dati personali per le dichiarate finalit\u00e0;<\/li><li>sopravvenuto esercizio del Suo diritto di opposizione al trattamento, escludente la prevalenza dell\u2019interesse legittimo del titolare del trattamento sui Suoi interessi o diritti e libert\u00e0<\/li><li>sopravvenuto accertamento dell\u2019illiceit\u00e0 del trattamento dei Suoi dati personali;<\/li><li>sopravvenuta sussistenza di un obbligo legale imponente la cancellazione di tali dati personali;<\/li><li>limitare il trattamento dei Suoi dati personali, ai sensi dell\u2019art. 18 del (U.E.), in caso di:<\/li><li>sopravvenuta contestazione dell\u2019esattezza di tali dati personali, anche se limitatamente all\u2019arco temporale<\/li><li>sopravvenuto accertamento dell\u2019illiceit\u00e0 del trattamento dei Suoi dati personali, integrato dalla successiva<\/li><li>sopravvenuta assenza di necessit\u00e0 di trattare tali dati personali per le dichiarate finalit\u00e0, integrata dalla contemporanea necessit\u00e0 di trattare gli stessi per accertare, esercitare o difendere un diritto in sede giudiziaria;<\/li><li>sopravvenuto esercizio del Suo diritto di opposizione al trattamento, anche se limitatamente all\u2019arco temporale necessario alla conseguente verifica da parte del titolare del trattamento;<\/li><li>opporsi al trattamento dei Suoi dati personali, ai sensi dell\u2019art. 21 del reg. (U.E.), in caso di sopravvenuta contestazione della prevalenza dell\u2019interesse legittimo del titolare del trattamento sui Suoi interessi o diritti e libert\u00e0<\/li><\/ul><p><strong>PGK DESIGN SRL Unipersonale <\/strong>\u00e8 tenuto ad assecondare ogni eventuale Suo esercizio dei Suoi diritti sopra elencati senza ingiustificato ritardo.<\/p><p><strong>SUO DIRITTO DI PROPORRE UN RECLAMO<\/strong><\/p><p>&#8211;\u00a0 Lei, in qualit\u00e0 di Interessato, pu\u00f2 esercitare il diritto di proporre un reclamo al Garante per la protezione dei dati personali, in caso di sopravvenuta contestazione delle conformit\u00e0 al reg. (U.E.) del trattamento dei Suoi dati personali svolto del titolare del trattamento, ai sensi dell\u2019art. 77 del reg. (U.E.) medesimo, inoltrando l\u2019apposito modulo all\u2019indirizzo e-mail <a href=\"mailto:protocollo@pec.gpdp.it\">\u2018protocollo@pec.gpdp.it\u2019<\/a><\/p>\t\t\t\t\t\t\t\t<\/div>\n\t\t\t\t\t<\/div>\n\t\t<\/div>\n\t\t\t\t\t<\/div>\n\t\t<\/section>\n\t\t\t\t<\/div>\n\t\t","protected":false},"excerpt":{"rendered":"<p>INFORMAZIONI RELATIVE AL TRATTAMENTO DEI DATI PERSONALI Ai sensi del D. Lgs. 196\/2003, adeguato dal d. lgs. 101\/2018 al GDPR 679\/16 EU (Artt. 13, 14) TITOLARE DEL TRATTAMENTO PGK Design S.r.l. Unipersonale Via Giulio Uberti, 12 20129 Milano (MI) P.Iva e C. Fiscale 08432260969 E-mail: privacy@pgkart.com; Tel. +39.339.2336368; FINALITA\u2019 DEL TRATTAMENTO DEI DATI Gestione e &#8230; <a title=\"Privacy Policy\" class=\"read-more\" href=\"https:\/\/www.pgkart.com\/it\/privacy\/\" aria-label=\"Per saperne di pi\u00f9 su Privacy Policy\">Leggi tutto<\/a><\/p>\n","protected":false},"author":1,"featured_media":0,"parent":0,"menu_order":0,"comment_status":"closed","ping_status":"open","template":"elementor_header_footer","meta":{"footnotes":""},"class_list":["post-3","page","type-page","status-publish"],"_links":{"self":[{"href":"https:\/\/www.pgkart.com\/it\/wp-json\/wp\/v2\/pages\/3","targetHints":{"allow":["GET"]}}],"collection":[{"href":"https:\/\/www.pgkart.com\/it\/wp-json\/wp\/v2\/pages"}],"about":[{"href":"https:\/\/www.pgkart.com\/it\/wp-json\/wp\/v2\/types\/page"}],"author":[{"embeddable":true,"href":"https:\/\/www.pgkart.com\/it\/wp-json\/wp\/v2\/users\/1"}],"replies":[{"embeddable":true,"href":"https:\/\/www.pgkart.com\/it\/wp-json\/wp\/v2\/comments?post=3"}],"version-history":[{"count":0,"href":"https:\/\/www.pgkart.com\/it\/wp-json\/wp\/v2\/pages\/3\/revisions"}],"wp:attachment":[{"href":"https:\/\/www.pgkart.com\/it\/wp-json\/wp\/v2\/media?parent=3"}],"curies":[{"name":"wp","href":"https:\/\/api.w.org\/{rel}","templated":true}]}}