{"id":5240,"date":"2021-02-22T14:39:14","date_gmt":"2021-02-22T13:39:14","guid":{"rendered":"https:\/\/www.pgkart.com\/informations-sur-le-traitement-des-donnees-a-caractere-personnel\/"},"modified":"2021-02-22T14:57:48","modified_gmt":"2021-02-22T13:57:48","slug":"informations-sur-le-traitement-des-donnees-a-caractere-personnel","status":"publish","type":"page","link":"https:\/\/www.pgkart.com\/fr\/informations-sur-le-traitement-des-donnees-a-caractere-personnel\/","title":{"rendered":"Informations sur le traitement des donn\u00e9es \u00e0 caract\u00e8re personnel"},"content":{"rendered":"\t\t<div data-elementor-type=\"wp-page\" data-elementor-id=\"5240\" class=\"elementor elementor-5240 elementor-5173\" data-elementor-post-type=\"page\">\n\t\t\t\t\t\t<section class=\"elementor-section elementor-top-section elementor-element elementor-element-1d2b6b9 elementor-section-height-min-height elementor-section-boxed elementor-section-height-default elementor-section-items-middle\" data-id=\"1d2b6b9\" data-element_type=\"section\" data-e-type=\"section\" data-settings=\"{&quot;background_background&quot;:&quot;classic&quot;,&quot;shape_divider_bottom&quot;:&quot;waves&quot;}\">\n\t\t\t\t\t\t\t<div class=\"elementor-background-overlay\"><\/div>\n\t\t\t\t\t\t<div class=\"elementor-shape elementor-shape-bottom\" aria-hidden=\"true\" data-negative=\"false\">\n\t\t\t<svg xmlns=\"http:\/\/www.w3.org\/2000\/svg\" viewBox=\"0 0 1000 100\" preserveAspectRatio=\"none\">\n\t<path class=\"elementor-shape-fill\" d=\"M421.9,6.5c22.6-2.5,51.5,0.4,75.5,5.3c23.6,4.9,70.9,23.5,100.5,35.7c75.8,32.2,133.7,44.5,192.6,49.7\n\tc23.6,2.1,48.7,3.5,103.4-2.5c54.7-6,106.2-25.6,106.2-25.6V0H0v30.3c0,0,72,32.6,158.4,30.5c39.2-0.7,92.8-6.7,134-22.4\n\tc21.2-8.1,52.2-18.2,79.7-24.2C399.3,7.9,411.6,7.5,421.9,6.5z\"\/>\n<\/svg>\t\t<\/div>\n\t\t\t\t\t<div class=\"elementor-container elementor-column-gap-default\">\n\t\t\t\t\t<div class=\"elementor-column elementor-col-100 elementor-top-column elementor-element elementor-element-8e12e5c\" data-id=\"8e12e5c\" data-element_type=\"column\" data-e-type=\"column\">\n\t\t\t<div class=\"elementor-widget-wrap elementor-element-populated\">\n\t\t\t\t\t\t<div class=\"elementor-element elementor-element-97fbdc0 elementor-widget elementor-widget-heading\" data-id=\"97fbdc0\" data-element_type=\"widget\" data-e-type=\"widget\" data-widget_type=\"heading.default\">\n\t\t\t\t\t<h1 class=\"elementor-heading-title elementor-size-default\">Informations sur le traitement des donn\u00e9es \u00e0 caract\u00e8re personnel<\/h1>\t\t\t\t<\/div>\n\t\t\t\t\t<\/div>\n\t\t<\/div>\n\t\t\t\t\t<\/div>\n\t\t<\/section>\n\t\t\t\t<section class=\"elementor-section elementor-top-section elementor-element elementor-element-967b4c1 elementor-section-boxed elementor-section-height-default elementor-section-height-default\" data-id=\"967b4c1\" data-element_type=\"section\" data-e-type=\"section\">\n\t\t\t\t\t\t<div class=\"elementor-container elementor-column-gap-default\">\n\t\t\t\t\t<div class=\"elementor-column elementor-col-100 elementor-top-column elementor-element elementor-element-b3f7521\" data-id=\"b3f7521\" data-element_type=\"column\" data-e-type=\"column\">\n\t\t\t<div class=\"elementor-widget-wrap elementor-element-populated\">\n\t\t\t\t\t\t<div class=\"elementor-element elementor-element-dfee8ff elementor-widget elementor-widget-text-editor\" data-id=\"dfee8ff\" data-element_type=\"widget\" data-e-type=\"widget\" data-widget_type=\"text-editor.default\">\n\t\t\t\t\t\t\t\t\t<h3>Informations sur le traitement des donn\u00e9es \u00e0 caract\u00e8re personnel [article 13 du r\u00e8glement (UE) n\u00b0 679\/2016].<\/h3>\n<p>Cher Client,<\/p>\n<p>Conform\u00e9ment aux dispositions de l&rsquo;article 13 du r\u00e8glement (UE) n\u00b0 679\/2016 du Parlement europ\u00e9en et du Conseil du 27 avril 2016 relatif \u00e0 la protection des personnes physiques \u00e0 l&rsquo;\u00e9gard du traitement des donn\u00e9es \u00e0 caract\u00e8re personnel et \u00e0 la libre circulation de ces donn\u00e9es &#8211; ci-apr\u00e8s d\u00e9nomm\u00e9 \u00ab\u00a0r\u00e8glement (UE)\u00a0\u00bb &#8211; nous vous fournissons les informations suivantes sur le traitement de vos donn\u00e9es personnelles :<\/p>\n<p><strong><br \/>\nCoordonn\u00e9es du responsable du traitement de vos donn\u00e9es \u00e0 caract\u00e8re personnel :<\/strong><\/p>\n<p>Le responsable du traitement de vos donn\u00e9es personnelles est <strong>PGK DESIGN SRL Unipersonale<\/strong>, dont le si\u00e8ge social est situ\u00e9 \u00e0 l&rsquo;adresse suivante : <strong>Via G. Uberti, 12 &#8211; 20129 Milano (Italie)<\/strong> et qui peut \u00eatre contact\u00e9 par t\u00e9l\u00e9phone au <strong>+39 339 2336368<\/strong> ou par courrier \u00e9lectronique \u00e0 l&rsquo;adresse \u2018<strong>info@pgkart.com<\/strong>\u2019.<\/p>\n<p><strong>D\u00e9cision de d\u00e9signer un d\u00e9l\u00e9gu\u00e9 \u00e0 la protection des donn\u00e9es personnelles <\/strong><strong>:<\/strong><\/p>\n<p>Le responsable du traitement a d\u00e9cid\u00e9 de ne pas nommer un d\u00e9l\u00e9gu\u00e9 \u00e0 la protection des donn\u00e9es \u00e0 caract\u00e8re personnel, car la soci\u00e9t\u00e9 <strong>PGK DESIGN SRL Unipersonale<\/strong>, hormis le fait qu&rsquo;elle n&rsquo;est pas oblig\u00e9e de le d\u00e9signer conform\u00e9ment aux dispositions de l&rsquo;article 37, p. 1 et 4 du r\u00e8glement (UE), a estim\u00e9 que cette fonction n&rsquo;est pas n\u00e9cessaire \u00e0 ce jour.<\/p>\n<p><strong>Finalit\u00e9s et bases juridiques relatives au traitement de vos donn\u00e9es personnelles :<\/strong><\/p>\n<p>Vos donn\u00e9es personnelles, qui sont ad\u00e9quates, pertinentes et limit\u00e9es \u00e0 ce qui est n\u00e9cessaire, seront trait\u00e9es par <strong>PGK DESIGN SRL Unipersonale<\/strong> de mani\u00e8re licite, correcte et transparente envers vous et de mani\u00e8re \u00e0 garantir une s\u00e9curit\u00e9 ad\u00e9quate de vos donn\u00e9es aux fins suivantes\u00a0:<\/p>\n<ul>\n<li>l&rsquo;ex\u00e9cution du contrat stipul\u00e9 entre vous et la soci\u00e9t\u00e9 <strong>PGK DESIGN SRL Unipersonale<\/strong> par cette derni\u00e8re, y compris votre enregistrement pour l&rsquo;utilisation de l&rsquo;attraction : la condition de lic\u00e9it\u00e9 est la n\u00e9cessit\u00e9 d&rsquo;ex\u00e9cuter un contrat dans lequel la personne concern\u00e9e est une partie, conform\u00e9ment \u00e0 l&rsquo;art. 6, p. 1, l. b) du r\u00e8glement (UE)\u00a0;<\/li>\n<li>l&rsquo;ex\u00e9cution du contrat stipul\u00e9 entre vous et la soci\u00e9t\u00e9 <strong>PGK DESIGN SRL Unipersonale<\/strong> par cette derni\u00e8re, y compris l&rsquo;envoi par courrier \u00e9lectronique ou sur votre compte sur l&rsquo;app des r\u00e9sultats de la course et du classement de cette derni\u00e8re : la condition de lic\u00e9it\u00e9 est la n\u00e9cessit\u00e9 d&rsquo;ex\u00e9cuter un contrat dans lequel la personne concern\u00e9e est une partie, conform\u00e9ment \u00e0 l&rsquo;art. 6, p. 1, l. b) du r\u00e8glement (UE)\u00a0;<\/li>\n<li>l&rsquo;ex\u00e9cution d&rsquo;une obligation civile et fiscale par le responsable du traitement : la condition de lic\u00e9it\u00e9 est la n\u00e9cessit\u00e9 d&rsquo;ex\u00e9cuter une obligation l\u00e9gale \u00e0 laquelle le responsable du traitement est soumis, conform\u00e9ment \u00e0 l&rsquo;article 6, p. 1, l. c) du r\u00e8glement (UE) ;<\/li>\n<li>l&rsquo;ex\u00e9cution d&rsquo;une obligation en mati\u00e8re de protection des donn\u00e9es \u00e0 caract\u00e8re personnel et de toute autre obligation pr\u00e9vue par une disposition l\u00e9gale \u00e0 laquelle le responsable du traitement est soumis : la condition de lic\u00e9it\u00e9 est la n\u00e9cessit\u00e9 d&rsquo;ex\u00e9cuter une obligation l\u00e9gale \u00e0 laquelle le responsable du traitement est soumis, conform\u00e9ment \u00e0 l&rsquo;article 6, p. 1, l. c) du r\u00e8glement (UE) ;<\/li>\n<li>l&rsquo;exercice \u00e9ventuel du droit de d\u00e9fense \u00e0 votre encontre par le responsable du traitement : la condition de lic\u00e9it\u00e9 est la n\u00e9cessit\u00e9 de poursuivre l&rsquo;int\u00e9r\u00eat l\u00e9gitime (protection juridique) du responsable du traitement, conform\u00e9ment \u00e0 l&rsquo;article 6, p. 1, l. f) du r\u00e8glement (UE) ;<\/li>\n<li>la protection du patrimoine de l&rsquo;entreprise par le responsable du traitement des donn\u00e9es, y compris la maintenance du mat\u00e9riel informatique, des logiciels et du courrier \u00e9lectronique : la condition de lic\u00e9it\u00e9 est la n\u00e9cessit\u00e9 de poursuivre l&rsquo;int\u00e9r\u00eat l\u00e9gitime (protection du patrimoine de l&rsquo;entreprise) du responsable du traitement des donn\u00e9es, conform\u00e9ment \u00e0 l&rsquo;article 6, p. 1, l. f) du r\u00e8glement (UE) ;<\/li>\n<li>la protection du patrimoine de l&rsquo;entreprise par le responsable du traitement, y compris l&rsquo;enregistrement des courses auxquelles il participera : la condition de lic\u00e9it\u00e9 est la n\u00e9cessit\u00e9 de poursuivre l&rsquo;int\u00e9r\u00eat l\u00e9gitime (protection du patrimoine de l&rsquo;entreprise) du responsable du traitement, conform\u00e9ment \u00e0 l&rsquo;article 6, p. 1, l. f) du r\u00e8glement (UE) ;<\/li>\n<li>la r\u00e9alisation d&rsquo;activit\u00e9s promotionnelles concernant des initiatives li\u00e9es \u00e0 l&rsquo;attraction, par le biais de sms, courrier \u00e9lectronique et ordinaire et d&rsquo;applications : la condition de lic\u00e9it\u00e9 est le consentement au traitement des donn\u00e9es personnelles \u00e0 cette fin sp\u00e9cifique donn\u00e9 par l&rsquo;int\u00e9ress\u00e9, conform\u00e9ment \u00e0 l&rsquo;art. 6, p. 1, l. a) du r\u00e8glement (UE) ;<\/li>\n<li>la r\u00e9alisation d&rsquo;activit\u00e9s promotionnelles et\/ou publicitaires inh\u00e9rentes \u00e0 l&rsquo;activit\u00e9 \u00e9conomique exerc\u00e9e par le titulaire du traitement concernant la publication de ses images\/vid\u00e9os sur le site web ou les r\u00e9seaux sociaux de PGK Design Srl Unipersonale : la condition de lic\u00e9it\u00e9 est le consentement au traitement de ses donn\u00e9es personnelles pour cette finalit\u00e9 sp\u00e9cifique donn\u00e9 par la personne concern\u00e9e, conform\u00e9ment \u00e0 l&rsquo;art. 6, p. 1, l. a) de la r\u00e8glement (UE) ;<\/li>\n<li>la r\u00e9alisation d&rsquo;activit\u00e9s promotionnelles et\/ou publicitaires inh\u00e9rentes \u00e0 l&rsquo;activit\u00e9 \u00e9conomique exerc\u00e9e par le responsable du traitement : la condition de lic\u00e9it\u00e9 est le consentement au traitement de ses propres donn\u00e9es personnelles \u00e0 cette fin sp\u00e9cifique donn\u00e9 par la personne concern\u00e9e, conform\u00e9ment \u00e0 l&rsquo;art. 6, p. 1, l. a) du r\u00e8glement (UE).<\/li>\n<\/ul>\n<p><strong>Cat\u00e9gories possibles de destinataires de vos donn\u00e9es \u00e0 caract\u00e8re personnel :<\/strong><\/p>\n<p>En ce qui concerne le traitement de vos donn\u00e9es personnelles effectu\u00e9 par <strong>PGK DESIGN SRL Unipersonale<\/strong> pour les finalit\u00e9s indiqu\u00e9es ci-dessus, les cat\u00e9gories possibles de destinataires de vos donn\u00e9es personnelles peuvent \u00eatre :<\/p>\n<ul>\n<li>employ\u00e9s, collaborateurs, stagiaires et administrateurs du responsable du traitement, en leur qualit\u00e9 de charg\u00e9s du traitement de vos donn\u00e9es \u00e0 caract\u00e8re personnel, aux fins de l&rsquo;ex\u00e9cution du contrat stipul\u00e9 entre vous et le responsable du traitement, de l&rsquo;ex\u00e9cution d&rsquo;une obligation civile et fiscale, de l&rsquo;ex\u00e9cution d&rsquo;une obligation relative \u00e0 la protection des donn\u00e9es \u00e0 caract\u00e8re personnel et de toute autre obligation pr\u00e9vue par une disposition l\u00e9gale \u00e0 laquelle le responsable du traitement est soumis et, \u00e9ventuellement, se prot\u00e9ger l\u00e9galement contre vous et mener des activit\u00e9s promotionnelles et\/ou publicitaires : il convient de noter que tous ces sujets sont d\u00fbment form\u00e9s sur les mesures appropri\u00e9es \u00e0 prendre afin de prot\u00e9ger vos donn\u00e9es \u00e0 caract\u00e8re personnel, conform\u00e9ment \u00e0 l&rsquo;article 29 du r\u00e8glement (UE) ;<\/li>\n<li>sujets externes \u00e0 notre structure organisationnelle en tant que charg\u00e9s du traitement de vos donn\u00e9es personnelles, afin d&rsquo;ex\u00e9cuter le contrat stipul\u00e9 entre vous et ces derniers (par exemple : interm\u00e9diaires bancaires, consultants techniques) ;<\/li>\n<li>sujets externes \u00e0 notre structure organisationnelle en tant que charg\u00e9s du traitement de vos donn\u00e9es \u00e0 caract\u00e8re personnel, afin de remplir des obligations civiles et fiscales (par exemple : comptables, experts comptables, centres de traitement des donn\u00e9es) ;<\/li>\n<li>sujets externes \u00e0 notre structure organisationnelle en tant que charg\u00e9s du traitement de vos donn\u00e9es \u00e0 caract\u00e8re personnel, afin de remplir une obligation relative \u00e0 la protection des donn\u00e9es \u00e0 caract\u00e8re personnel et toute autre obligation inscrite dans une disposition r\u00e9glementaire \u00e0 laquelle le responsable du traitement est soumis (par exemple\u00a0: les soci\u00e9t\u00e9s et les consultants) ;<\/li>\n<li>sujets externes \u00e0 notre structure organisationnelle, afin de se prot\u00e9ger \u00e9ventuellement l\u00e9galement contre vous (avocats et cabinets d&rsquo;avocats) ;<\/li>\n<li>sujets externes \u00e0 notre structure organisationnelle en tant que charg\u00e9s du traitement de vos donn\u00e9es \u00e0 caract\u00e8re personnel, afin de prot\u00e9ger les actifs de l&rsquo;entreprise (par exemple\u00a0: les techniciens informatiques charg\u00e9s du mat\u00e9riel informatique, des logiciels, des r\u00e9seaux et du courrier \u00e9lectronique) ;<\/li>\n<li>sujets externes \u00e0 notre structure organisationnelle, en tant que charg\u00e9s du traitement de vos donn\u00e9es \u00e0 caract\u00e8re personnel, afin de mener des activit\u00e9s promotionnelles et\/ou publicitaires inh\u00e9rentes \u00e0 l&rsquo;activit\u00e9 \u00e9conomique exerc\u00e9e par le responsable du traitement.<\/li>\n<\/ul>\n<p>&nbsp;<\/p>\n<p>Il convient de noter que tous les sujets ci-dessus mentionn\u00e9s sont soumis au responsable du traitement des donn\u00e9es par un contrat sp\u00e9cifique pr\u00e9voyant les mesures appropri\u00e9es \u00e0 prendre pour assurer la protection de vos donn\u00e9es personnelles, conform\u00e9ment \u00e0 l&rsquo;article 28 du r\u00e8glement (UE).<\/p>\n<p><strong>D\u00e9cision de transf\u00e9rer vos donn\u00e9es personnelles \u00e0 un pays tiers ou \u00e0 une organisation internationale :<\/strong><\/p>\n<p>Le responsable du traitement a d\u00e9cid\u00e9 de ne pas transf\u00e9rer vos donn\u00e9es personnelles \u00e0 un pays tiers ou \u00e0 une organisation internationale, car il a estim\u00e9 que cela n&rsquo;\u00e9tait pas n\u00e9cessaire \u00e0 l&rsquo;heure actuelle.<\/p>\n<p><strong>Dur\u00e9e de conservation de vos donn\u00e9es personnelles :<\/strong><\/p>\n<p>La soci\u00e9t\u00e9<strong> PGK DESIGN SRL Unipersonale <\/strong>conservera vos donn\u00e9es personnelles trait\u00e9es par cette derni\u00e8re aux fins de l&rsquo;ex\u00e9cution du contrat stipul\u00e9 entre vous et la soci\u00e9t\u00e9, de la protection des actifs de la soci\u00e9t\u00e9, de l&rsquo;ex\u00e9cution d&rsquo;obligations civiles et fiscales et dans le respect de l&rsquo;obligation relative \u00e0 la protection des donn\u00e9es \u00e0 caract\u00e8re personnel et de toute autre obligation pr\u00e9vue par une disposition l\u00e9gale \u00e0 laquelle le responsable du traitement est soumis, sous une forme permettant votre identification pendant une p\u00e9riode de temps \u00e9gale \u00e0 l&rsquo;ex\u00e9cution du contrat entre vous et la soci\u00e9t\u00e9 et pendant une p\u00e9riode de temps suppl\u00e9mentaire \u00e9gale \u00e0 10 ans pour les finalit\u00e9s de tout traitement ult\u00e9rieur dans le d\u00e9lai de prescription ordinaire. Vos donn\u00e9es \u00e0 caract\u00e8re personnel seront ensuite d\u00e9truites ou annul\u00e9es.<\/p>\n<p>La soci\u00e9t\u00e9<strong> PGK DESIGN SRL Unipersonale<\/strong> conservera vos donn\u00e9es personnelles trait\u00e9es par cette derni\u00e8re aux fins d&rsquo;exercer les \u00e9ventuels droits de d\u00e9fense contre vous, sous une forme permettant votre identification uniquement pendant une p\u00e9riode de temps \u00e9gale \u00e0 celle de l&rsquo;\u00e9ventuelle d\u00e9fense juridique contre vous, puis elle en assurera la destruction ou l&rsquo;annulation.<\/p>\n<p>La soci\u00e9t\u00e9<strong> PGK DESIGN SRL <\/strong>Unipersonale conservera vos donn\u00e9es personnelles trait\u00e9es par cette derni\u00e8re dans le but de r\u00e9aliser des activit\u00e9s promotionnelles et\/ou publicitaires li\u00e9es \u00e0 l&rsquo;activit\u00e9 \u00e9conomique exerc\u00e9e par le responsable du traitement sous une forme permettant l&rsquo;identification de la personne concern\u00e9e uniquement pendant la p\u00e9riode o\u00f9 vous avez donn\u00e9 votre consentement au traitement de vos donn\u00e9es personnelles pour ladite finalit\u00e9 sp\u00e9cifique. Vos donn\u00e9es \u00e0 caract\u00e8re personnel seront ensuite d\u00e9truites ou annul\u00e9es.<\/p>\n<p><strong>Vos droits :<\/strong><\/p>\n<p>En tant que personne concern\u00e9e, vous pouvez exercer les droits suivants en envoyant un courrier \u00e9lectronique \u00e0 l&rsquo;adresse \u2018<strong>info@pgkart.com<\/strong>\u2019 :<\/p>\n<ul>\n<li>acc\u00e9der \u00e0 vos donn\u00e9es personnelles, conform\u00e9ment \u00e0 l&rsquo;art. 15 du r\u00e8glement (UE) afin de v\u00e9rifier le traitement de vos donn\u00e9es personnelles et, le cas \u00e9ch\u00e9ant :\n<ul>\n<li>obtenir des informations sur les finalit\u00e9s de ce traitement<\/li>\n<li>obtenir des informations sur les cat\u00e9gories de vos donn\u00e9es \u00e0 caract\u00e8re personnel trait\u00e9es ;<\/li>\n<li>obtenir des informations sur les cat\u00e9gories possibles de destinataires de vos donn\u00e9es \u00e0 caract\u00e8re personnel ;<\/li>\n<li>obtenir des informations sur la dur\u00e9e de conservation de vos donn\u00e9es personnelles ;<\/li>\n<li>obtenir des informations sur l&rsquo;existence de votre droit de rectifier ou de supprimer vos donn\u00e9es \u00e0 caract\u00e8re personnel ou sur votre droit de limiter le traitement de vos donn\u00e9es \u00e0 caract\u00e8re personnel ;<\/li>\n<li>obtenir des informations sur l&rsquo;existence de votre droit de d\u00e9poser une plainte aupr\u00e8s du <em>Garante per la protezione dei dati personali <\/em>(Autorit\u00e9 italienne pour la protection des donn\u00e9es \u00e0 caract\u00e8re personnel) ;<\/li>\n<li>obtenir des informations sur l&rsquo;utilisation \u00e9ventuelle d&rsquo;un processus d\u00e9cisionnel automatis\u00e9 dans le traitement de vos donn\u00e9es \u00e0 caract\u00e8re personnel, y compris la logique utilis\u00e9e et les cons\u00e9quences pr\u00e9vues pour vous \u00e0 la suite de ce traitement ;<\/li>\n<\/ul>\n<\/li>\n<li>rectifier vos donn\u00e9es personnelles, conform\u00e9ment \u00e0 l&rsquo;article 16 du r\u00e8glement (UE), en cas de contestation de leur exactitude ;<\/li>\n<li>int\u00e9grer vos donn\u00e9es personnelles, conform\u00e9ment \u00e0 l&rsquo;article 16 du r\u00e8glement (UE), en cas de contestation de leur exhaustivit\u00e9 ;<\/li>\n<li>supprimer vos donn\u00e9es personnelles, conform\u00e9ment \u00e0 l&rsquo;article 17 du r\u00e8glement (UE), sauf si cela est n\u00e9cessaire pour satisfaire \u00e0 une obligation l\u00e9gale ou pour constater, exercer ou d\u00e9fendre un droit devant un tribunal, dans les cas suivants :\n<ul>\n<li>il n&rsquo;est plus n\u00e9cessaire de traiter ces donn\u00e9es \u00e0 caract\u00e8re personnel pour les finalit\u00e9s d\u00e9clar\u00e9es ;<\/li>\n<li>vous avez exerc\u00e9 votre droit d&rsquo;opposition au traitement, en excluant la pr\u00e9valence de l&rsquo;int\u00e9r\u00eat l\u00e9gitime du responsable du traitement sur vos int\u00e9r\u00eats ou sur les droits et libert\u00e9s fondamentaux ;<\/li>\n<li>l\u2019ill\u00e9galit\u00e9 du traitement de vos donn\u00e9es \u00e0 caract\u00e8re personnel a \u00e9t\u00e9 constat\u00e9e ;<\/li>\n<li>existence d&rsquo;une obligation l\u00e9gale imposant l&rsquo;effacement de ces donn\u00e9es \u00e0 caract\u00e8re personnel ;<\/li>\n<\/ul>\n<\/li>\n<li>limiter le traitement de vos donn\u00e9es personnelles, conform\u00e9ment \u00e0 l&rsquo;art. 18 du r\u00e8glement (UE), dans le cas suivants :\n<ul>\n<li>contestation de l&rsquo;exactitude de ces donn\u00e9es \u00e0 caract\u00e8re personnel, m\u00eame si elle est limit\u00e9e \u00e0 la p\u00e9riode n\u00e9cessaire \u00e0 la v\u00e9rification cons\u00e9cutive par le responsable du traitement des donn\u00e9es ;<\/li>\n<li>v\u00e9rification de l&rsquo;ill\u00e9galit\u00e9 du traitement de vos donn\u00e9es personnelles, compl\u00e9t\u00e9e par l&rsquo;opposition ult\u00e9rieure \u00e0 l&rsquo;annulation de celles-ci ;<\/li>\n<li>n\u00e9cessit\u00e9 de traiter ces donn\u00e9es \u00e0 caract\u00e8re personnel pour les finalit\u00e9s indiqu\u00e9es, compl\u00e9t\u00e9es par la n\u00e9cessit\u00e9 simultan\u00e9e de traiter ces donn\u00e9es afin de d\u00e9terminer, d&rsquo;exercer ou de d\u00e9fendre une action en justice ;<\/li>\n<li>exercice de votre droit d&rsquo;opposition au traitement, m\u00eame si seulement pour la p\u00e9riode de temps n\u00e9cessaire \u00e0 la v\u00e9rification par le responsable du traitement ;<\/li>\n<\/ul>\n<\/li>\n<li>recevoir dans un format structur\u00e9, couramment utilis\u00e9 et lisible \u00e9lectroniquement et, si n\u00e9cessaire, conform\u00e9ment \u00e0 l&rsquo;article 20 du r\u00e8glement (UE), faire transmettre \u00e0 un autre responsable du traitement vos donn\u00e9es \u00e0 caract\u00e8re personnel trait\u00e9es par le responsable du traitement par des moyens automatis\u00e9s ;<\/li>\n<li>vous opposer au traitement de vos donn\u00e9es \u00e0 caract\u00e8re personnel, conform\u00e9ment \u00e0 l&rsquo;article 21 du r\u00e8glement (UE), au cas o\u00f9 l&rsquo;int\u00e9r\u00eat l\u00e9gitime du responsable du traitement pr\u00e9vaudrait sur vos int\u00e9r\u00eats ou sur les libert\u00e9s et droits fondamentaux.<\/li>\n<\/ul>\n<p>La soci\u00e9t\u00e9<strong> PGK DESIGN SRL Unipersonale<\/strong> est tenue de se conformer \u00e0 tout exercice \u00e9ventuel de vos droits \u00e9num\u00e9r\u00e9s ci-dessus sans retard injustifi\u00e9.<\/p>\n<p><strong>Votre droit de d\u00e9poser une plainte :<\/strong><\/p>\n<p>En tant que personne concern\u00e9e, vous pouvez exercer votre droit de d\u00e9poser une plainte aupr\u00e8s du <em>Garante per la protezione dei dati personali<\/em> (Autorit\u00e9 italienne pour la protection des donn\u00e9es \u00e0 caract\u00e8re personnel) en cas de litige sur la conformit\u00e9 du traitement de vos donn\u00e9es \u00e0 caract\u00e8re personnel par le responsable du traitement avec le r\u00e8glement (UE) n\u00b0 77, en envoyant le formulaire pr\u00e9vu \u00e0 cet effet \u00e0 l&rsquo;adresse \u00e9lectronique \u2018<a href=\"mailto:protocollo@pec.gpdp.it\">protocollo@pec.gpdp.it<\/a>\u2019.<\/p>\n<p><strong>Nature de la communication de vos donn\u00e9es personnelles :<\/strong><\/p>\n<p>La communication au responsable du traitement de vos donn\u00e9es \u00e0 caract\u00e8re personnel est contractuellement obligatoire pour l&rsquo;exercice des activit\u00e9s pr\u00e9alables \u00e0 la stipulation d&rsquo;un contrat et \u00e0 son ex\u00e9cution \u00e9ventuelle stipul\u00e9es entre vous et le responsable du traitement, pour l&rsquo;accomplissement d&rsquo;une obligation civile et fiscale, pour l&rsquo;accomplissement d&rsquo;une obligation relative \u00e0 la protection des donn\u00e9es \u00e0 caract\u00e8re personnel et de toute autre obligation inscrite dans une disposition r\u00e9glementaire \u00e0 laquelle le responsable du traitement est soumis.<\/p>\n<p>En fait, nous vous rappelons que votre refus de fournir ces donn\u00e9es personnelles rendrait impossible pour le responsable du traitement de remplir les objectifs mentionn\u00e9s ci-dessus.<\/p>\n<p>La communication au responsable du traitement de vos donn\u00e9es personnelles ne constitue ni une obligation contractuelle ni une obligation l\u00e9gale en ce qui concerne l&rsquo;ex\u00e9cution d&rsquo;activit\u00e9s promotionnelles et\/ou publicitaires.<\/p>\n<p>Toutefois, nous vous rappelons que votre refus de communiquer vos donn\u00e9es personnelles ne permettrait pas au responsable du traitement de remplir la finalit\u00e9 susmentionn\u00e9e.<\/p>\n<p><strong>D\u00e9cision d&rsquo;utiliser un syst\u00e8me automatis\u00e9 de prise de d\u00e9cision dans le cadre du traitement de vos donn\u00e9es personnelles : <\/strong><\/p>\n<p>Le responsable du traitement a d\u00e9cid\u00e9 de ne pas utiliser un syst\u00e8me automatis\u00e9 de prise de d\u00e9cision pour le traitement de vos donn\u00e9es \u00e0 caract\u00e8re personnel, cela n&rsquo;\u00e9tant pas n\u00e9cessaire \u00e0 ce jour.<\/p>\n\t\t\t\t\t\t\t\t<\/div>\n\t\t\t\t<div class=\"elementor-element elementor-element-b07d560 elementor-align-center elementor-mobile-align-center elementor-widget elementor-widget-button\" data-id=\"b07d560\" data-element_type=\"widget\" data-e-type=\"widget\" data-widget_type=\"button.default\">\n\t\t\t\t\t\t\t\t\t\t<a class=\"elementor-button elementor-button-link elementor-size-md\" href=\"https:\/\/www.pgkart.com\/wp-content\/uploads\/2021\/02\/Informations-sur-le-traitement-des-donne\u0301es-a\u0300-caracte\u0300re-personnel_PGK_DESIGN_SRL.pdf\" download=\"\">\n\t\t\t\t\t\t<span class=\"elementor-button-content-wrapper\">\n\t\t\t\t\t\t\t\t\t<span class=\"elementor-button-text\">t\u00e9l\u00e9charger les informations<\/span>\n\t\t\t\t\t<\/span>\n\t\t\t\t\t<\/a>\n\t\t\t\t\t\t\t\t<\/div>\n\t\t\t\t\t<\/div>\n\t\t<\/div>\n\t\t\t\t\t<\/div>\n\t\t<\/section>\n\t\t\t\t<\/div>\n\t\t","protected":false},"excerpt":{"rendered":"<p>Informations sur le traitement des donn\u00e9es \u00e0 caract\u00e8re personnel [article 13 du r\u00e8glement (UE) n\u00b0 679\/2016]. Cher Client, Conform\u00e9ment aux dispositions de l&rsquo;article 13 du r\u00e8glement (UE) n\u00b0 679\/2016 du Parlement europ\u00e9en et du Conseil du 27 avril 2016 relatif \u00e0 la protection des personnes physiques \u00e0 l&rsquo;\u00e9gard du traitement des donn\u00e9es \u00e0 caract\u00e8re personnel &#8230; <a title=\"Informations sur le traitement des donn\u00e9es \u00e0 caract\u00e8re personnel\" class=\"read-more\" href=\"https:\/\/www.pgkart.com\/fr\/informations-sur-le-traitement-des-donnees-a-caractere-personnel\/\" aria-label=\"En savoir plus sur Informations sur le traitement des donn\u00e9es \u00e0 caract\u00e8re personnel\">Lire la suite<\/a><\/p>\n","protected":false},"author":1,"featured_media":0,"parent":0,"menu_order":0,"comment_status":"closed","ping_status":"closed","template":"elementor_header_footer","meta":{"footnotes":""},"class_list":["post-5240","page","type-page","status-publish"],"_links":{"self":[{"href":"https:\/\/www.pgkart.com\/fr\/wp-json\/wp\/v2\/pages\/5240","targetHints":{"allow":["GET"]}}],"collection":[{"href":"https:\/\/www.pgkart.com\/fr\/wp-json\/wp\/v2\/pages"}],"about":[{"href":"https:\/\/www.pgkart.com\/fr\/wp-json\/wp\/v2\/types\/page"}],"author":[{"embeddable":true,"href":"https:\/\/www.pgkart.com\/fr\/wp-json\/wp\/v2\/users\/1"}],"replies":[{"embeddable":true,"href":"https:\/\/www.pgkart.com\/fr\/wp-json\/wp\/v2\/comments?post=5240"}],"version-history":[{"count":0,"href":"https:\/\/www.pgkart.com\/fr\/wp-json\/wp\/v2\/pages\/5240\/revisions"}],"wp:attachment":[{"href":"https:\/\/www.pgkart.com\/fr\/wp-json\/wp\/v2\/media?parent=5240"}],"curies":[{"name":"wp","href":"https:\/\/api.w.org\/{rel}","templated":true}]}}