{"id":3664,"date":"2019-12-25T12:39:04","date_gmt":"2019-12-25T11:39:04","guid":{"rendered":"https:\/\/www.pgkart.com\/qui-nous-sommes\/"},"modified":"2024-11-20T19:00:25","modified_gmt":"2024-11-20T18:00:25","slug":"qui-sommes-nous","status":"publish","type":"page","link":"https:\/\/www.pgkart.com\/fr\/qui-sommes-nous\/","title":{"rendered":"Qui sommes-nous ?"},"content":{"rendered":"\t\t<div data-elementor-type=\"wp-page\" data-elementor-id=\"3664\" class=\"elementor elementor-3664 elementor-37\" data-elementor-post-type=\"page\">\n\t\t\t\t\t\t<section class=\"elementor-section elementor-top-section elementor-element elementor-element-a526153 elementor-section-height-min-height elementor-section-boxed elementor-section-height-default elementor-section-items-middle\" data-id=\"a526153\" data-element_type=\"section\" data-e-type=\"section\" data-settings=\"{&quot;background_background&quot;:&quot;classic&quot;,&quot;shape_divider_bottom&quot;:&quot;waves&quot;}\">\n\t\t\t\t\t\t\t<div class=\"elementor-background-overlay\"><\/div>\n\t\t\t\t\t\t<div class=\"elementor-shape elementor-shape-bottom\" aria-hidden=\"true\" data-negative=\"false\">\n\t\t\t<svg xmlns=\"http:\/\/www.w3.org\/2000\/svg\" viewBox=\"0 0 1000 100\" preserveAspectRatio=\"none\">\n\t<path class=\"elementor-shape-fill\" d=\"M421.9,6.5c22.6-2.5,51.5,0.4,75.5,5.3c23.6,4.9,70.9,23.5,100.5,35.7c75.8,32.2,133.7,44.5,192.6,49.7\n\tc23.6,2.1,48.7,3.5,103.4-2.5c54.7-6,106.2-25.6,106.2-25.6V0H0v30.3c0,0,72,32.6,158.4,30.5c39.2-0.7,92.8-6.7,134-22.4\n\tc21.2-8.1,52.2-18.2,79.7-24.2C399.3,7.9,411.6,7.5,421.9,6.5z\"\/>\n<\/svg>\t\t<\/div>\n\t\t\t\t\t<div class=\"elementor-container elementor-column-gap-default\">\n\t\t\t\t\t<div class=\"elementor-column elementor-col-100 elementor-top-column elementor-element elementor-element-04ab579\" data-id=\"04ab579\" data-element_type=\"column\" data-e-type=\"column\">\n\t\t\t<div class=\"elementor-widget-wrap elementor-element-populated\">\n\t\t\t\t\t\t<div class=\"elementor-element elementor-element-d02508e elementor-widget elementor-widget-heading\" data-id=\"d02508e\" data-element_type=\"widget\" data-e-type=\"widget\" data-widget_type=\"heading.default\">\n\t\t\t\t\t<h1 class=\"elementor-heading-title elementor-size-default\">Qui sommes-nous ?<\/h1>\t\t\t\t<\/div>\n\t\t\t\t\t<\/div>\n\t\t<\/div>\n\t\t\t\t\t<\/div>\n\t\t<\/section>\n\t\t\t\t<section class=\"elementor-section elementor-top-section elementor-element elementor-element-5486ad96 elementor-section-content-middle elementor-section-boxed elementor-section-height-default elementor-section-height-default\" data-id=\"5486ad96\" data-element_type=\"section\" data-e-type=\"section\">\n\t\t\t\t\t\t<div class=\"elementor-container elementor-column-gap-no\">\n\t\t\t\t\t<div class=\"elementor-column elementor-col-33 elementor-top-column elementor-element elementor-element-43bfcd50\" data-id=\"43bfcd50\" data-element_type=\"column\" data-e-type=\"column\">\n\t\t\t<div class=\"elementor-widget-wrap elementor-element-populated\">\n\t\t\t\t\t\t<div class=\"elementor-element elementor-element-5b5f260b elementor-widget elementor-widget-text-editor\" data-id=\"5b5f260b\" data-element_type=\"widget\" data-e-type=\"widget\" data-widget_type=\"text-editor.default\">\n\t\t\t\t\t\t\t\t\t<p>QUI SOMMES NOUS ?<\/p>\n\t\t\t\t\t\t\t\t<\/div>\n\t\t\t\t<div class=\"elementor-element elementor-element-66f3acc0 elementor-widget elementor-widget-heading\" data-id=\"66f3acc0\" data-element_type=\"widget\" data-e-type=\"widget\" data-widget_type=\"heading.default\">\n\t\t\t\t\t<h2 class=\"elementor-heading-title elementor-size-default\">PGK Design<br>Paolo Gagliardini<\/h2>\t\t\t\t<\/div>\n\t\t\t\t\t<\/div>\n\t\t<\/div>\n\t\t\t\t<div class=\"elementor-column elementor-col-33 elementor-top-column elementor-element elementor-element-72c7f48e\" data-id=\"72c7f48e\" data-element_type=\"column\" data-e-type=\"column\">\n\t\t\t<div class=\"elementor-widget-wrap elementor-element-populated\">\n\t\t\t\t\t\t<div class=\"elementor-element elementor-element-23c655f elementor-widget elementor-widget-image\" data-id=\"23c655f\" data-element_type=\"widget\" data-e-type=\"widget\" data-widget_type=\"image.default\">\n\t\t\t\t\t\t\t\t\t\t\t\t\t\t\t<img fetchpriority=\"high\" decoding=\"async\" width=\"567\" height=\"378\" src=\"https:\/\/www.pgkart.com\/wp-content\/uploads\/2019\/12\/Paolo-Gagliardini-PGK-Design-1.jpg\" class=\"elementor-animation-grow attachment-full size-full wp-image-3603\" alt=\"\" srcset=\"https:\/\/www.pgkart.com\/wp-content\/uploads\/2019\/12\/Paolo-Gagliardini-PGK-Design-1.jpg 567w, https:\/\/www.pgkart.com\/wp-content\/uploads\/2019\/12\/Paolo-Gagliardini-PGK-Design-1-300x200.jpg 300w\" sizes=\"(max-width: 567px) 100vw, 567px\" title=\"\">\t\t\t\t\t\t\t\t\t\t\t\t\t\t\t<\/div>\n\t\t\t\t<div class=\"elementor-element elementor-element-61b6cbef elementor-widget elementor-widget-text-editor\" data-id=\"61b6cbef\" data-element_type=\"widget\" data-e-type=\"widget\" data-widget_type=\"text-editor.default\">\n\t\t\t\t\t\t\t\t\t<p>Le potentiel de PGK Design d\u00e9coule de l&rsquo;exp\u00e9rience de son propri\u00e9taire Paolo Gagliardini, pilote et champion au niveau national et international.<\/p>\n\t\t\t\t\t\t\t\t<\/div>\n\t\t\t\t\t<\/div>\n\t\t<\/div>\n\t\t\t\t<div class=\"elementor-column elementor-col-33 elementor-top-column elementor-element elementor-element-4a53f367\" data-id=\"4a53f367\" data-element_type=\"column\" data-e-type=\"column\">\n\t\t\t<div class=\"elementor-widget-wrap elementor-element-populated\">\n\t\t\t\t\t\t<div class=\"elementor-element elementor-element-35cdaa9b elementor-widget elementor-widget-text-editor\" data-id=\"35cdaa9b\" data-element_type=\"widget\" data-e-type=\"widget\" data-widget_type=\"text-editor.default\">\n\t\t\t\t\t\t\t\t\t<p>Paolo Gagliardini, une combinaison parfaite entre le pilote et le fabricant qui d\u00e9tient les secrets des pistes, accumul\u00e9s avec de nombreuses heures de conduite et de course.<\/p>\n\t\t\t\t\t\t\t\t<\/div>\n\t\t\t\t<div class=\"elementor-element elementor-element-2c4c00e7 elementor-widget elementor-widget-image\" data-id=\"2c4c00e7\" data-element_type=\"widget\" data-e-type=\"widget\" data-widget_type=\"image.default\">\n\t\t\t\t\t\t\t\t\t\t\t\t\t\t\t<img decoding=\"async\" width=\"960\" height=\"720\" src=\"https:\/\/www.pgkart.com\/wp-content\/uploads\/2019\/12\/Paolo-Gagliardini-PGK-Design.jpg\" class=\"elementor-animation-grow attachment-full size-full wp-image-3604\" alt=\"\" srcset=\"https:\/\/www.pgkart.com\/wp-content\/uploads\/2019\/12\/Paolo-Gagliardini-PGK-Design.jpg 960w, https:\/\/www.pgkart.com\/wp-content\/uploads\/2019\/12\/Paolo-Gagliardini-PGK-Design-300x225.jpg 300w, https:\/\/www.pgkart.com\/wp-content\/uploads\/2019\/12\/Paolo-Gagliardini-PGK-Design-768x576.jpg 768w\" sizes=\"(max-width: 960px) 100vw, 960px\" title=\"\">\t\t\t\t\t\t\t\t\t\t\t\t\t\t\t<\/div>\n\t\t\t\t\t<\/div>\n\t\t<\/div>\n\t\t\t\t\t<\/div>\n\t\t<\/section>\n\t\t\t\t<section class=\"elementor-section elementor-top-section elementor-element elementor-element-5ee3b1e elementor-section-boxed elementor-section-height-default elementor-section-height-default\" data-id=\"5ee3b1e\" data-element_type=\"section\" data-e-type=\"section\">\n\t\t\t\t\t\t<div class=\"elementor-container elementor-column-gap-default\">\n\t\t\t\t\t<div class=\"elementor-column elementor-col-100 elementor-top-column elementor-element elementor-element-6d779f7\" data-id=\"6d779f7\" data-element_type=\"column\" data-e-type=\"column\">\n\t\t\t<div class=\"elementor-widget-wrap elementor-element-populated\">\n\t\t\t\t\t\t<div class=\"elementor-element elementor-element-248fd94 elementor-widget elementor-widget-text-editor\" data-id=\"248fd94\" data-element_type=\"widget\" data-e-type=\"widget\" data-widget_type=\"text-editor.default\">\n\t\t\t\t\t\t\t\t\t<p>\u00c0 ce jour PGK Design a construit plus de 50 kartings et les demandes de construction et de r\u00e9novation des installations se multiplient chaque jour : d&rsquo;anciennes usines d\u00e9saffect\u00e9es, des centres commerciaux ultramodernes et m\u00eame le sommet des gratte-ciel peuvent \u00eatre l&#8217;emplacement id\u00e9al pour des pistes de karting uniques.<\/p>\n<p>Partout o\u00f9 il y a un espace, de 2000 \u00e0 6000 m\u00e8tres carr\u00e9s, Paolo Gagliardini, gr\u00e2ce aux r\u00e9sines sp\u00e9ciales pour les surfaces, aux pistes \u00e0 plusieurs niveaux et aux barri\u00e8res de zonage et protection pour pistes de karting sait comment cr\u00e9er un endroit o\u00f9 la vitesse et l\u2019adr\u00e9naline seront au rendez-vous.<\/p>\n<p>PGK Design est consid\u00e9r\u00e9 le num\u00e9ro un dans le domaine de la construction de pistes de karting \u00e0 plusieurs niveaux, puisque chaque \u00e9l\u00e9ment propos\u00e9 \u00e0 nos clients est d&rsquo;abord \u00e9tudi\u00e9 et test\u00e9 directement par l&rsquo;entreprise.<\/p>\n<p>Engagement, professionnalisme, une \u00e9quipe soud\u00e9e et motiv\u00e9e ainsi que le savoir-faire du propri\u00e9taire sont les \u00e9l\u00e9ments fondamentaux de l&rsquo;entreprise sur lesquels peuvent compter tous ceux qui font confiance \u00e0 PGK DESIGN.<\/p>\n\t\t\t\t\t\t\t\t<\/div>\n\t\t\t\t\t<\/div>\n\t\t<\/div>\n\t\t\t\t\t<\/div>\n\t\t<\/section>\n\t\t\t\t<section class=\"elementor-section elementor-top-section elementor-element elementor-element-11d1360 elementor-section-stretched elementor-section-boxed elementor-section-height-default elementor-section-height-default\" data-id=\"11d1360\" data-element_type=\"section\" data-e-type=\"section\" data-settings=\"{&quot;background_background&quot;:&quot;classic&quot;,&quot;shape_divider_top&quot;:&quot;waves&quot;,&quot;stretch_section&quot;:&quot;section-stretched&quot;}\">\n\t\t\t\t\t\t\t<div class=\"elementor-background-overlay\"><\/div>\n\t\t\t\t\t\t<div class=\"elementor-shape elementor-shape-top\" aria-hidden=\"true\" data-negative=\"false\">\n\t\t\t<svg xmlns=\"http:\/\/www.w3.org\/2000\/svg\" viewBox=\"0 0 1000 100\" preserveAspectRatio=\"none\">\n\t<path class=\"elementor-shape-fill\" d=\"M421.9,6.5c22.6-2.5,51.5,0.4,75.5,5.3c23.6,4.9,70.9,23.5,100.5,35.7c75.8,32.2,133.7,44.5,192.6,49.7\n\tc23.6,2.1,48.7,3.5,103.4-2.5c54.7-6,106.2-25.6,106.2-25.6V0H0v30.3c0,0,72,32.6,158.4,30.5c39.2-0.7,92.8-6.7,134-22.4\n\tc21.2-8.1,52.2-18.2,79.7-24.2C399.3,7.9,411.6,7.5,421.9,6.5z\"\/>\n<\/svg>\t\t<\/div>\n\t\t\t\t\t<div class=\"elementor-container elementor-column-gap-default\">\n\t\t\t\t\t<div class=\"elementor-column elementor-col-50 elementor-top-column elementor-element elementor-element-76450707\" data-id=\"76450707\" data-element_type=\"column\" data-e-type=\"column\">\n\t\t\t<div class=\"elementor-widget-wrap elementor-element-populated\">\n\t\t\t\t\t\t<div class=\"elementor-element elementor-element-532dfb78 elementor-widget elementor-widget-heading\" data-id=\"532dfb78\" data-element_type=\"widget\" data-e-type=\"widget\" data-widget_type=\"heading.default\">\n\t\t\t\t\t<h4 class=\"elementor-heading-title elementor-size-default\">Souhaitez-vous conna\u00eetre le monde du karting de location ?<\/h4>\t\t\t\t<\/div>\n\t\t\t\t<div class=\"elementor-element elementor-element-7fdb4827 elementor-widget elementor-widget-heading\" data-id=\"7fdb4827\" data-element_type=\"widget\" data-e-type=\"widget\" data-widget_type=\"heading.default\">\n\t\t\t\t\t<h2 class=\"elementor-heading-title elementor-size-default\">Contactez-nous pour plus d'informations<\/h2>\t\t\t\t<\/div>\n\t\t\t\t<div class=\"elementor-element elementor-element-15cdced5 elementor-mobile-align-center elementor-widget elementor-widget-button\" data-id=\"15cdced5\" data-element_type=\"widget\" data-e-type=\"widget\" data-widget_type=\"button.default\">\n\t\t\t\t\t\t\t\t\t\t<a class=\"elementor-button elementor-button-link elementor-size-md\" href=\"https:\/\/www.pgkart.com\/fr\/contactez-nous\/\">\n\t\t\t\t\t\t<span class=\"elementor-button-content-wrapper\">\n\t\t\t\t\t\t<span class=\"elementor-button-icon\">\n\t\t\t\t<svg aria-hidden=\"true\" class=\"e-font-icon-svg e-fas-arrow-right\" viewBox=\"0 0 448 512\" xmlns=\"http:\/\/www.w3.org\/2000\/svg\"><path d=\"M190.5 66.9l22.2-22.2c9.4-9.4 24.6-9.4 33.9 0L441 239c9.4 9.4 9.4 24.6 0 33.9L246.6 467.3c-9.4 9.4-24.6 9.4-33.9 0l-22.2-22.2c-9.5-9.5-9.3-25 .4-34.3L311.4 296H24c-13.3 0-24-10.7-24-24v-32c0-13.3 10.7-24 24-24h287.4L190.9 101.2c-9.8-9.3-10-24.8-.4-34.3z\"><\/path><\/svg>\t\t\t<\/span>\n\t\t\t\t\t\t\t\t\t<span class=\"elementor-button-text\">Contactez-nous<\/span>\n\t\t\t\t\t<\/span>\n\t\t\t\t\t<\/a>\n\t\t\t\t\t\t\t\t<\/div>\n\t\t\t\t\t<\/div>\n\t\t<\/div>\n\t\t\t\t<div class=\"elementor-column elementor-col-50 elementor-top-column elementor-element elementor-element-7fe7c0e\" data-id=\"7fe7c0e\" data-element_type=\"column\" data-e-type=\"column\">\n\t\t\t<div class=\"elementor-widget-wrap elementor-element-populated\">\n\t\t\t\t\t\t<div class=\"elementor-element elementor-element-4ae7107d elementor-widget elementor-widget-image\" data-id=\"4ae7107d\" data-element_type=\"widget\" data-e-type=\"widget\" data-widget_type=\"image.default\">\n\t\t\t\t\t\t\t\t\t\t\t\t\t\t\t<img decoding=\"async\" width=\"900\" height=\"482\" src=\"https:\/\/www.pgkart.com\/wp-content\/uploads\/2019\/11\/3d-servizi.png\" class=\"attachment-full size-full wp-image-2567\" alt=\"\" srcset=\"https:\/\/www.pgkart.com\/wp-content\/uploads\/2019\/11\/3d-servizi.png 900w, https:\/\/www.pgkart.com\/wp-content\/uploads\/2019\/11\/3d-servizi-300x161.png 300w, https:\/\/www.pgkart.com\/wp-content\/uploads\/2019\/11\/3d-servizi-768x411.png 768w\" sizes=\"(max-width: 900px) 100vw, 900px\" title=\"\">\t\t\t\t\t\t\t\t\t\t\t\t\t\t\t<\/div>\n\t\t\t\t\t<\/div>\n\t\t<\/div>\n\t\t\t\t\t<\/div>\n\t\t<\/section>\n\t\t\t\t<\/div>\n\t\t","protected":false},"excerpt":{"rendered":"<p>QUI SOMMES NOUS ? PGK DesignPaolo Gagliardini Le potentiel de PGK Design d\u00e9coule de l&rsquo;exp\u00e9rience de son propri\u00e9taire Paolo Gagliardini, pilote et champion au niveau national et international. Paolo Gagliardini, une combinaison parfaite entre le pilote et le fabricant qui d\u00e9tient les secrets des pistes, accumul\u00e9s avec de nombreuses heures de conduite et de course. &#8230; <a title=\"Qui sommes-nous ?\" class=\"read-more\" href=\"https:\/\/www.pgkart.com\/fr\/qui-sommes-nous\/\" aria-label=\"En savoir plus sur Qui sommes-nous ?\">Lire la suite<\/a><\/p>\n","protected":false},"author":1,"featured_media":0,"parent":0,"menu_order":0,"comment_status":"closed","ping_status":"closed","template":"elementor_header_footer","meta":{"footnotes":""},"class_list":["post-3664","page","type-page","status-publish"],"_links":{"self":[{"href":"https:\/\/www.pgkart.com\/fr\/wp-json\/wp\/v2\/pages\/3664","targetHints":{"allow":["GET"]}}],"collection":[{"href":"https:\/\/www.pgkart.com\/fr\/wp-json\/wp\/v2\/pages"}],"about":[{"href":"https:\/\/www.pgkart.com\/fr\/wp-json\/wp\/v2\/types\/page"}],"author":[{"embeddable":true,"href":"https:\/\/www.pgkart.com\/fr\/wp-json\/wp\/v2\/users\/1"}],"replies":[{"embeddable":true,"href":"https:\/\/www.pgkart.com\/fr\/wp-json\/wp\/v2\/comments?post=3664"}],"version-history":[{"count":0,"href":"https:\/\/www.pgkart.com\/fr\/wp-json\/wp\/v2\/pages\/3664\/revisions"}],"wp:attachment":[{"href":"https:\/\/www.pgkart.com\/fr\/wp-json\/wp\/v2\/media?parent=3664"}],"curies":[{"name":"wp","href":"https:\/\/api.w.org\/{rel}","templated":true}]}}