{"id":2541,"date":"2019-12-25T10:21:20","date_gmt":"2019-12-25T09:21:20","guid":{"rendered":"https:\/\/www.pgkart.com\/privacy-policy\/"},"modified":"2023-12-11T19:36:10","modified_gmt":"2023-12-11T18:36:10","slug":"privacy","status":"publish","type":"page","link":"https:\/\/www.pgkart.com\/fr\/privacy\/","title":{"rendered":"POLITIQUE DE CONFIDENTIALIT\u00c9"},"content":{"rendered":"\t\t<div data-elementor-type=\"wp-page\" data-elementor-id=\"2541\" class=\"elementor elementor-2541 elementor-3\" data-elementor-post-type=\"page\">\n\t\t\t\t\t\t<section class=\"elementor-section elementor-top-section elementor-element elementor-element-192ee3eb elementor-section-height-min-height elementor-section-boxed elementor-section-height-default elementor-section-items-middle\" data-id=\"192ee3eb\" data-element_type=\"section\" data-e-type=\"section\" data-settings=\"{&quot;background_background&quot;:&quot;classic&quot;,&quot;shape_divider_bottom&quot;:&quot;waves&quot;}\">\n\t\t\t\t\t\t\t<div class=\"elementor-background-overlay\"><\/div>\n\t\t\t\t\t\t<div class=\"elementor-shape elementor-shape-bottom\" aria-hidden=\"true\" data-negative=\"false\">\n\t\t\t<svg xmlns=\"http:\/\/www.w3.org\/2000\/svg\" viewBox=\"0 0 1000 100\" preserveAspectRatio=\"none\">\n\t<path class=\"elementor-shape-fill\" d=\"M421.9,6.5c22.6-2.5,51.5,0.4,75.5,5.3c23.6,4.9,70.9,23.5,100.5,35.7c75.8,32.2,133.7,44.5,192.6,49.7\n\tc23.6,2.1,48.7,3.5,103.4-2.5c54.7-6,106.2-25.6,106.2-25.6V0H0v30.3c0,0,72,32.6,158.4,30.5c39.2-0.7,92.8-6.7,134-22.4\n\tc21.2-8.1,52.2-18.2,79.7-24.2C399.3,7.9,411.6,7.5,421.9,6.5z\"\/>\n<\/svg>\t\t<\/div>\n\t\t\t\t\t<div class=\"elementor-container elementor-column-gap-default\">\n\t\t\t\t\t<div class=\"elementor-column elementor-col-100 elementor-top-column elementor-element elementor-element-2262dcd7\" data-id=\"2262dcd7\" data-element_type=\"column\" data-e-type=\"column\">\n\t\t\t<div class=\"elementor-widget-wrap elementor-element-populated\">\n\t\t\t\t\t\t<div class=\"elementor-element elementor-element-339465ec elementor-widget elementor-widget-heading\" data-id=\"339465ec\" data-element_type=\"widget\" data-e-type=\"widget\" data-widget_type=\"heading.default\">\n\t\t\t\t\t<h1 class=\"elementor-heading-title elementor-size-default\">POLITIQUE DE CONFIDENTIALIT\u00c9<\/h1>\t\t\t\t<\/div>\n\t\t\t\t\t<\/div>\n\t\t<\/div>\n\t\t\t\t\t<\/div>\n\t\t<\/section>\n\t\t\t\t<section class=\"elementor-section elementor-top-section elementor-element elementor-element-bcc7d05 elementor-section-boxed elementor-section-height-default elementor-section-height-default\" data-id=\"bcc7d05\" data-element_type=\"section\" data-e-type=\"section\">\n\t\t\t\t\t\t<div class=\"elementor-container elementor-column-gap-default\">\n\t\t\t\t\t<div class=\"elementor-column elementor-col-100 elementor-top-column elementor-element elementor-element-e772410\" data-id=\"e772410\" data-element_type=\"column\" data-e-type=\"column\">\n\t\t\t<div class=\"elementor-widget-wrap elementor-element-populated\">\n\t\t\t\t\t\t<div class=\"elementor-element elementor-element-247f4af elementor-widget elementor-widget-text-editor\" data-id=\"247f4af\" data-element_type=\"widget\" data-e-type=\"widget\" data-widget_type=\"text-editor.default\">\n\t\t\t\t\t\t\t\t\t<h2>INFORMATIONS CONCERNANT LE TRAITEMENT DES DONN\u00c9ES \u00c0 CARACT\u00c8RE PERSONNEL\u00a0<\/h2><h3>Conform\u00e9ment au d\u00e9cret l\u00e9gislatif 196\/2003, modifi\u00e9 par le d\u00e9cret l\u00e9gislatif 101\/2018 en fonction du RGPD\u00a0 679\/16 EU (Art. 13, 14)<\/h3><p><strong><u>RESPONSABLE DU TRAITEMENT DES DONN\u00c9ES <\/u><\/strong><\/p><p><em><u>PGK Design S.r.l. Unipersonale<\/u><\/em><em><br \/>Via Giulio Uberti, 12 20129 Milano (MI)<\/em><\/p><p><em><u>Num\u00e9ro de TVA et Code fiscal : 08432260969 <br \/>E-mail :\u00a0<\/u><\/em><a href=\"mailto:privacy@pgkart.com\" target=\"_blank\" rel=\"noopener\">privacy@pgkart.com<\/a><em><u> ; T\u00e9l. +39.339.2336368 ;\u00a0\u00a0 <\/u><\/em><\/p><p><strong><u>FINALIT\u00c9S DU TRAITEMENT DES DONN\u00c9ES <\/u><\/strong><\/p><p>\u00a0<\/p><ul><li>Gestion et maintenance du site Internet\u00a0<a href=\"http:\/\/https:www.pgkart.com\" target=\"_blank\" rel=\"noopener\">www.pgkart.com<\/a> (ci-apr\u00e8s d\u00e9nomm\u00e9 \u00ab\u00a0le site Internet\u00a0\u00bb);<\/li><li>Traitement des demandes formul\u00e9es par la personne concern\u00e9e apr\u00e8s avoir rempli le formulaire disponible sur le site Internet;<\/li><li>Protection de la s\u00e9curit\u00e9 et de la fonctionnalit\u00e9 du site Internet;<\/li><li>Gestion des statistiques d&rsquo;acc\u00e8s et d&rsquo;utilisation du site sur la base de donn\u00e9es agr\u00e9g\u00e9es. (Les donn\u00e9es pourraient \u00eatre utilis\u00e9es pour d\u00e9terminer les responsabilit\u00e9s en cas de d\u00e9lits informatiques pr\u00e9sum\u00e9s ou d&rsquo;actions men\u00e9es au d\u00e9triment du site) ;<\/li><\/ul><p><strong><u>\u00a0SOURCE DES DONN\u00c9ES \u00c0 CARACT\u00c8RE PERSONNEL <\/u><\/strong><\/p><p>Les donn\u00e9es sont collect\u00e9es directement aupr\u00e8s de la personne concern\u00e9e par le biais du site Internet lors de l&rsquo;acc\u00e8s et de la navigation sur le site Internet et lors de l&rsquo;utilisation du formulaire de contact;<\/p><p><strong><u>M\u00c9THODES DE TRAITEMENT DES DONN\u00c9ES \u00c0 CARACT\u00c8RE PERSONNEL <\/u><\/strong><\/p><ul><li>Les donn\u00e9es sont trait\u00e9es \u00e0 l&rsquo;aide d&rsquo;instruments informatiques par du personnel autoris\u00e9 ou par des syst\u00e8mes automatis\u00e9s dans le cas de la gestion des cookies et des donn\u00e9es collect\u00e9es lorsque l&rsquo;utilisateur navigue sur Internet;<\/li><li>Les donn\u00e9es collect\u00e9es sont prot\u00e9g\u00e9es par des mesures de s\u00e9curit\u00e9 techniques et organisationnelles appropri\u00e9es;<\/li><li>Le traitement est effectu\u00e9 conform\u00e9ment aux \u00ab\u00a0Lignes directrices sur les cookies et autres outils de suivi\u00a0\u00bb du 10 juin 2021 du Garant pour la protection des donn\u00e9es personnelles (Garante per la protezione dei dati personali) &#8211; Journal officiel n\u00b0 163 du 9 juillet 2021;<\/li><li>Tous les cookies non techniques sont collect\u00e9s exclusivement avec le consentement de la personne concern\u00e9e qui le fourni librement, s\u00e9par\u00e9ment et activement;<\/li><\/ul><p><strong><u>BASES JURIDIQUES RELATIVES AU TRAITEMENT DES DONN\u00c9ES \u00c0 CARACT\u00c8RE PERSONNEL <\/u><\/strong><\/p><p>Pour les activit\u00e9s de gestion et de maintenance du site Internet et pour la gestion des demandes formul\u00e9es par la personne concern\u00e9e apr\u00e8s avoir rempli un formulaire sp\u00e9cifique disponible sur le site Internet;<\/p><ul><li>6 par. 1 b) le traitement est n\u00e9cessaire \u00e0 l&rsquo;ex\u00e9cution d&rsquo;un contrat auquel la personne concern\u00e9e est partie ou \u00e0 l&rsquo;ex\u00e9cution de mesures pr\u00e9contractuelles prises \u00e0 la demande de la personne concern\u00e9e;<\/li><\/ul><p>\u00c0 des fins de protection de la s\u00e9curit\u00e9 et de la fonctionnalit\u00e9 du site Internet (ce que l&rsquo;on appelle les cookies techniques et les cookies analytiques de premi\u00e8res et de tierces parties similaires aux cookies techniques):<\/p><ul><li>6 par. 1 b) le traitement est n\u00e9cessaire \u00e0 l&rsquo;ex\u00e9cution d&rsquo;un contrat auquel la personne concern\u00e9e est partie ou \u00e0 l&rsquo;ex\u00e9cution de mesures pr\u00e9contractuelles prises \u00e0 la demande de la personne concern\u00e9e;<\/li><\/ul><p>\u00c0 d&rsquo;autres fins (autres types de cookies non techniques) :<\/p><ul><li>6 par 1 a) la personne concern\u00e9e a consenti au traitement de ses donn\u00e9es \u00e0 caract\u00e8re personnel pour une ou plusieurs finalit\u00e9s d\u00e9termin\u00e9es ;<\/li><\/ul><p>\u00a0 <strong><u>CARACT\u00c8RE DE LA COMMUNICATION DES DONN\u00c9ES <\/u><\/strong><\/p><ul><li>Pour les activit\u00e9s de gestion et de maintenance du site Internet et pour la protection de la s\u00e9curit\u00e9 et de la fonctionnalit\u00e9 du site Internet, la communication des donn\u00e9es est obligatoire et n\u00e9cessaire aux activit\u00e9s de navigation de l&rsquo;utilisateur;<\/li><li>Pour la gestion des demandes de contact \u00e0 travers la section sp\u00e9ciale du site Internet, la communication des donn\u00e9es est facultative; si les donn\u00e9es ne sont pas communiqu\u00e9es, il sera impossible d&rsquo;envoyer des demandes \u00e0 travers le formulaire sp\u00e9cial du site Internet;<\/li><li>Pour les activit\u00e9s li\u00e9es \u00e0 la collecte de cookies \u00ab\u00a0non techniques\u00a0\u00bb, la communication des donn\u00e9es est facultative. Le fait de ne pas communiquer les donn\u00e9es et de ne pas consentir \u00e0 leur traitement ne permettrait pas l&rsquo;utilisation des services de personnalisation de l&rsquo;exp\u00e9rience et l&rsquo;utilisation de services ext\u00e9rieurs au site Internet;<\/li><\/ul><p>Vous trouverez ci-dessous les liens vers les outils de d\u00e9sactivation des principaux navigateurs:<\/p><ul><li><u> Google Chrome <\/u><\/li><li><u> Mozilla Firefox <\/u><\/li><li><u> Apple Safari <\/u><\/li><li><u> Microsoft Internet Explorer <\/u><\/li><li><u> Microsoft Edge <\/u><\/li><li><u> Brave <\/u><\/li><li><u> Opera <\/u><\/li><\/ul><p><strong><u>\u00a0INFORMATIONS COLLECT\u00c9ES PAR LE RESPONSABLE DU TRAITEMENT DES DONN\u00c9ES <\/u><\/strong><\/p><p>Les donn\u00e9es collect\u00e9es concernent les informations relatives \u00e0 l&rsquo;acc\u00e8s et \u00e0 la navigation de l&rsquo;utilisateur sur le site Internet et les informations communiqu\u00e9es lors de l&rsquo;utilisation du formulaire de contact, y compris;<\/p><ul><li>Informations personnelles (pr\u00e9nom, nom, date et lieu de naissance, sexe h\/f);<\/li><li>Informations de contact (adresse \u00e9lectronique, num\u00e9ro de t\u00e9l\u00e9phone);<\/li><li>Services et produits d&rsquo;int\u00e9r\u00eat;<\/li><li>Informations communiqu\u00e9es spontan\u00e9ment par la personne concern\u00e9e;<\/li><li>Adresse IP;<\/li><li>Donn\u00e9es d&rsquo;utilisation;<\/li><li>Cookies n\u00e9cessaires collect\u00e9s pendant la navigation pour la fonctionnalit\u00e9 du site Internet;<\/li><li>Cookies de fonctionnalit\u00e9 pour faciliter le fonctionnement des services;<\/li><li>Cookies de performance statistiques et anonymes pour \u00e9valuer la fonctionnalit\u00e9 du site Internet;<\/li><li>Cookies permettant d&rsquo;interagir avec les services de m\u00e9dias sociaux accessibles via le site Internet;<\/li><\/ul><p><strong>D\u00e9finition des cookies : <\/strong><\/p><p>Les cookies sont des lignes de texte que les sites Internet visit\u00e9s par l&rsquo;utilisateur ou des sites tiers placent et stockent dans un appareil terminal \u00e0 la disposition de l&rsquo;utilisateur avec un syst\u00e8me d&rsquo;identification actif.<\/p><p>Des fonctions similaires peuvent \u00eatre ex\u00e9cut\u00e9es par d&rsquo;autres dispositifs dot\u00e9s d&rsquo;un syst\u00e8me d&rsquo;identification passif ;<\/p><p><strong>Cookies techniques <\/strong><\/p><p>Ils sont utilis\u00e9s pour \u00ab\u00a0effectuer la transmission d&rsquo;une communication sur un r\u00e9seau de communications \u00e9lectroniques, ou dans la mesure strictement n\u00e9cessaire au fournisseur d&rsquo;un service de la soci\u00e9t\u00e9 de l&rsquo;information explicitement demand\u00e9 par la partie contractante ou l&rsquo;utilisateur pour fournir un tel service\u00a0\u00bb ;<\/p><p>\u00a0<\/p><p><strong>Les cookies analytiques de premi\u00e8re et de tierce partie qui peuvent \u00eatre assimil\u00e9s \u00e0 des cookies techniques <\/strong><\/p><p>Ils sont utilis\u00e9s de mani\u00e8re anonyme pour produire des statistiques agr\u00e9g\u00e9es et li\u00e9es exclusivement au site Internet ou \u00e0 une application mobile sp\u00e9cifique.<\/p><p>Dans le cas des cookies de tierce partie, ils ne sont pas combin\u00e9s avec d&rsquo;autres traitements ou transmis \u00e0 d&rsquo;autres sujets tiers, \u00e0 l&rsquo;exception des domaines Internet qui peuvent \u00eatre rattach\u00e9s au m\u00eame \u00e9diteur ou groupe d&rsquo;entreprises ;<\/p><p><strong>Cookies non techniques <\/strong><\/p><p>Cookies utilis\u00e9s pour relier des actions sp\u00e9cifiques ou des mod\u00e8les de comportement r\u00e9currents dans l&rsquo;utilisation des fonctionnalit\u00e9s offertes \u00e0 des individus sp\u00e9cifiques identifi\u00e9s ou identifiables, afin de regrouper diff\u00e9rents profils au sein de groupements homog\u00e8nes de diff\u00e9rentes tailles, de sorte qu&rsquo;il est \u00e9galement possible de moduler la fourniture du service de mani\u00e8re de plus en plus personnalis\u00e9e, ainsi que d&rsquo;envoyer des messages publicitaires cibl\u00e9s, c&rsquo;est-\u00e0-dire en fonction des pr\u00e9f\u00e9rences exprim\u00e9es par l&rsquo;utilisateur dans le cadre de la navigation sur le web ;<\/p><p>\u00a0<\/p><p><strong><u>DESTINATAIRES DES INFORMATIONS <\/u><\/strong><\/p><p>\u00a0<\/p><ul><li>Les responsables internes ou externes du traitement des donn\u00e9es;<\/li><li>Les prestataires de services informatiques tels que, par exemple, les h\u00e9bergeurs de sites Internet, les soci\u00e9t\u00e9s informatiques, les agences de communication.<\/li><li>Une liste compl\u00e8te et actualis\u00e9e des destinataires, avec une r\u00e9f\u00e9rence particuli\u00e8re \u00e0 ceux qui agissent en tant que responsables du traitement des donn\u00e9es, est disponible dans les bureaux du responsable du traitement des donn\u00e9es;<\/li><li>Les autorit\u00e9s judiciaires, sur demande d&rsquo;information;<\/li><\/ul><p><strong><u>TRANSFERT D&rsquo;INFORMATIONS EN DEHORS DE L&rsquo;UE <\/u><\/strong><\/p><p>Les donn\u00e9es \u00e0 caract\u00e8re personnel ne font pas l&rsquo;objet d&rsquo;un transfert vers des pays \u00e9trangers au sein de l&rsquo;Union europ\u00e9enne ou en dehors de l&rsquo;UE. Tout transfert se ferait toutefois dans le respect des articles 45 et 46 du RGPD 679\/16 UE;<\/p><p><strong><u>CONSERVATION DES DONN\u00c9ES \u00c0 CARACT\u00c8RE PERSONNEL <\/u><\/strong><\/p><ul><li>Les donn\u00e9es collect\u00e9es par le biais du formulaire de contact sur le site Internet sont conserv\u00e9es pendant la dur\u00e9e n\u00e9cessaire \u00e0 la r\u00e9alisation de l&rsquo;objectif et pendant une p\u00e9riode suppl\u00e9mentaire de 10 ans;<\/li><li>Les cookies de session (non persistants) ne sont conserv\u00e9s que pour la dur\u00e9e de la session de navigation et sont automatiquement supprim\u00e9s lorsque la session est ferm\u00e9e;<\/li><li>Les cookies persistants sont conserv\u00e9s pour une dur\u00e9e n&rsquo;exc\u00e9dant pas 36 mois et sont ensuite supprim\u00e9s. Toutefois, en naviguant sur le site Internet, vous pouvez interagir avec des sites Internet g\u00e9r\u00e9s par des tiers qui peuvent cr\u00e9er ou modifier des cookies persistants et de profilage;<\/li><li>Les cookies statistiques sont stock\u00e9s pour une dur\u00e9e illimit\u00e9e sous une forme anonyme;<\/li><li>Les utilisateurs peuvent d\u00e9cider d&rsquo;accepter ou de refuser les cookies en utilisant les param\u00e8tres de leur navigateur. L&rsquo;utilisation du contenu public est \u00e9galement possible en d\u00e9sactivant les cookies.<\/li><li>La d\u00e9sactivation des cookies de tiers n&rsquo;affecte en rien la navigation.<\/li><li>Les param\u00e8tres peuvent \u00eatre d\u00e9finis sp\u00e9cifiquement pour diff\u00e9rents sites web et applications web. De plus, les meilleurs navigateurs permettent de d\u00e9finir des param\u00e8tres diff\u00e9rents pour les cookies \u00ab\u00a0propri\u00e9taires\u00a0\u00bb et les cookies \u00ab\u00a0tiers\u00a0\u00bb. Les liens vers les pages de personnalisation des navigateurs les plus courants sont fournis dans la section \u00ab\u00a0m\u00e9thodes de traitement\u00a0\u00bb ;\u00a0 <strong><u>\u00a0<\/u><\/strong><\/li><\/ul><p><strong><u>DROITS DES PERSONNES CONCERN\u00c9ES <\/u><\/strong><\/p><p>Les droits de la personne concern\u00e9e (articles 15 \u00e0 22) comprennent la possibilit\u00e9 de<\/p><ul><li>acc\u00e9der \u00e0 vos donn\u00e9es personnelles, conform\u00e9ment \u00e0 l\u2019article 15 du r\u00e8glement (UE) afin de v\u00e9rifier le traitement de vos donn\u00e9es personnelles;<\/li><li>rectifier vos donn\u00e9es personnelles, conform\u00e9ment \u00e0 l\u2019article 16 du r\u00e8glement (UE), en cas de contestation sur leur exactitude;<\/li><li>int\u00e9grer vos donn\u00e9es personnelles, conform\u00e9ment \u00e0 l\u2019article 16 du r\u00e8glement (UE), en cas de contestation de leur exhaustivit\u00e9;<\/li><li>supprimer vos donn\u00e9es personnelles, conform\u00e9ment \u00e0 l\u2019article 17 du r\u00e8glement (UE), sauf si cela est n\u00e9cessaire pour satisfaire \u00e0 une obligation l\u00e9gale ou pour constater, exercer ou d\u00e9fendre un droit devant un tribunal, dans les cas suivants:<ul><li>il n\u2019est plus n\u00e9cessaire de traiter ces donn\u00e9es \u00e0 caract\u00e8re personnel pour les finalit\u00e9s d\u00e9clar\u00e9es;<\/li><li>vous avez exerc\u00e9 votre droit d\u2019opposition au traitement, en excluant la pr\u00e9valence de l\u2019int\u00e9r\u00eat l\u00e9gitime du responsable du traitement sur vos int\u00e9r\u00eats ou sur les droits et libert\u00e9s fondamentaux;<\/li><li>ill\u00e9galit\u00e9 du traitement de vos donn\u00e9es \u00e0 caract\u00e8re personnel a \u00e9t\u00e9 constat\u00e9e;<\/li><li>existence d\u2019une obligation l\u00e9gale imposant l\u2019effacement de ces donn\u00e9es \u00e0 caract\u00e8re personnel;<\/li><\/ul><\/li><li>limiter le traitement de vos donn\u00e9es personnelles, conform\u00e9ment \u00e0 l\u2019art. 18 du r\u00e8glement (UE), dans le cas suivants:<ul><li>contestation de l\u2019exactitude de ces donn\u00e9es \u00e0 caract\u00e8re personnel, m\u00eame si elle est limit\u00e9e \u00e0 la p\u00e9riode n\u00e9cessaire \u00e0 la v\u00e9rification cons\u00e9cutive par le responsable du traitement des donn\u00e9es ;<\/li><li>v\u00e9rification de l\u2019ill\u00e9galit\u00e9 du traitement de vos donn\u00e9es personnelles, compl\u00e9t\u00e9e par l\u2019opposition ult\u00e9rieure \u00e0 l\u2019annulation de celles-ci;<\/li><li>n\u00e9cessit\u00e9 de traiter ces donn\u00e9es \u00e0 caract\u00e8re personnel pour les finalit\u00e9s indiqu\u00e9es, compl\u00e9t\u00e9es par la n\u00e9cessit\u00e9 simultan\u00e9e de traiter ces donn\u00e9es afin de d\u00e9terminer, d\u2019exercer ou de d\u00e9fendre une action en justice;<\/li><li>exercice de votre droit d\u2019opposition au traitement, m\u00eame si seulement pour la p\u00e9riode de temps n\u00e9cessaire \u00e0 la v\u00e9rification par le responsable du traitement;<\/li><\/ul><\/li><li>recevoir dans un format structur\u00e9, couramment utilis\u00e9 et lisible \u00e9lectroniquement et, si n\u00e9cessaire, conform\u00e9ment \u00e0 l\u2019article 20 du r\u00e8glement (UE), faire transmettre \u00e0 un autre responsable du traitement vos donn\u00e9es \u00e0 caract\u00e8re personnel trait\u00e9es par le responsable du traitement par des moyens automatis\u00e9s;<\/li><li>vous opposer au traitement de vos donn\u00e9es \u00e0 caract\u00e8re personnel, conform\u00e9ment \u00e0 l\u2019article 21 du r\u00e8glement (UE), au cas o\u00f9 l\u2019int\u00e9r\u00eat l\u00e9gitime du responsable du traitement pr\u00e9vaudrait sur vos int\u00e9r\u00eats ou sur les libert\u00e9s et droits fondamentaux.<\/li><\/ul><p><strong>PGK DESIGN SRL Unipersonale<\/strong>\u00a0est tenue de se conformer \u00e0 tout exercice \u00e9ventuel de vos droits \u00e9num\u00e9r\u00e9s ci-dessus sans retard injustifi\u00e9.<\/p><p><strong><u>VOTRE DROIT DE D\u00c9POSER UNE PLAINTE<\/u><\/strong><\/p><p>En tant que personne concern\u00e9e, vous pouvez exercer votre droit de d\u00e9poser une plainte aupr\u00e8s du\u00a0Garante per la protezione dei dati personali\u00a0(Autorit\u00e9 italienne pour la protection des donn\u00e9es \u00e0 caract\u00e8re personnel) en cas de litige sur la conformit\u00e9 du traitement de vos donn\u00e9es \u00e0 caract\u00e8re personnel par le responsable du traitement avec le r\u00e8glement (UE) n\u00b0 77, en envoyant le formulaire pr\u00e9vu \u00e0 cet effet \u00e0 l\u2019adresse \u00e9lectronique \u2018<a href=\"mailto:protocollo@pec.gpdp.it\">protocollo@pec.gpdp.it<\/a>\u2019.<\/p><p>\u00a0<\/p>\t\t\t\t\t\t\t\t<\/div>\n\t\t\t\t\t<\/div>\n\t\t<\/div>\n\t\t\t\t\t<\/div>\n\t\t<\/section>\n\t\t\t\t<\/div>\n\t\t","protected":false},"excerpt":{"rendered":"<p>INFORMATIONS CONCERNANT LE TRAITEMENT DES DONN\u00c9ES \u00c0 CARACT\u00c8RE PERSONNEL\u00a0 Conform\u00e9ment au d\u00e9cret l\u00e9gislatif 196\/2003, modifi\u00e9 par le d\u00e9cret l\u00e9gislatif 101\/2018 en fonction du RGPD\u00a0 679\/16 EU (Art. 13, 14) RESPONSABLE DU TRAITEMENT DES DONN\u00c9ES PGK Design S.r.l. UnipersonaleVia Giulio Uberti, 12 20129 Milano (MI) Num\u00e9ro de TVA et Code fiscal : 08432260969 E-mail :\u00a0privacy@pgkart.com ; &#8230; <a title=\"POLITIQUE DE CONFIDENTIALIT\u00c9\" class=\"read-more\" href=\"https:\/\/www.pgkart.com\/fr\/privacy\/\" aria-label=\"En savoir plus sur POLITIQUE DE CONFIDENTIALIT\u00c9\">Lire la suite<\/a><\/p>\n","protected":false},"author":1,"featured_media":0,"parent":0,"menu_order":0,"comment_status":"closed","ping_status":"open","template":"elementor_header_footer","meta":{"footnotes":""},"class_list":["post-2541","page","type-page","status-publish"],"_links":{"self":[{"href":"https:\/\/www.pgkart.com\/fr\/wp-json\/wp\/v2\/pages\/2541","targetHints":{"allow":["GET"]}}],"collection":[{"href":"https:\/\/www.pgkart.com\/fr\/wp-json\/wp\/v2\/pages"}],"about":[{"href":"https:\/\/www.pgkart.com\/fr\/wp-json\/wp\/v2\/types\/page"}],"author":[{"embeddable":true,"href":"https:\/\/www.pgkart.com\/fr\/wp-json\/wp\/v2\/users\/1"}],"replies":[{"embeddable":true,"href":"https:\/\/www.pgkart.com\/fr\/wp-json\/wp\/v2\/comments?post=2541"}],"version-history":[{"count":0,"href":"https:\/\/www.pgkart.com\/fr\/wp-json\/wp\/v2\/pages\/2541\/revisions"}],"wp:attachment":[{"href":"https:\/\/www.pgkart.com\/fr\/wp-json\/wp\/v2\/media?parent=2541"}],"curies":[{"name":"wp","href":"https:\/\/api.w.org\/{rel}","templated":true}]}}