{"id":2537,"date":"2019-12-25T10:20:48","date_gmt":"2019-12-25T09:20:48","guid":{"rendered":"https:\/\/www.pgkart.com\/cookies-policy\/"},"modified":"2020-01-31T23:37:28","modified_gmt":"2020-01-31T22:37:28","slug":"cookies","status":"publish","type":"page","link":"https:\/\/www.pgkart.com\/fr\/cookies\/","title":{"rendered":"Politique en mati\u00e8re de cookies"},"content":{"rendered":"\t\t<div data-elementor-type=\"wp-page\" data-elementor-id=\"2537\" class=\"elementor elementor-2537 elementor-10\" data-elementor-post-type=\"page\">\n\t\t\t\t\t\t<section class=\"elementor-section elementor-top-section elementor-element elementor-element-bf7e068 elementor-section-height-min-height elementor-section-boxed elementor-section-height-default elementor-section-items-middle\" data-id=\"bf7e068\" data-element_type=\"section\" data-e-type=\"section\" data-settings=\"{&quot;background_background&quot;:&quot;classic&quot;,&quot;shape_divider_bottom&quot;:&quot;waves&quot;}\">\n\t\t\t\t\t\t\t<div class=\"elementor-background-overlay\"><\/div>\n\t\t\t\t\t\t<div class=\"elementor-shape elementor-shape-bottom\" aria-hidden=\"true\" data-negative=\"false\">\n\t\t\t<svg xmlns=\"http:\/\/www.w3.org\/2000\/svg\" viewBox=\"0 0 1000 100\" preserveAspectRatio=\"none\">\n\t<path class=\"elementor-shape-fill\" d=\"M421.9,6.5c22.6-2.5,51.5,0.4,75.5,5.3c23.6,4.9,70.9,23.5,100.5,35.7c75.8,32.2,133.7,44.5,192.6,49.7\n\tc23.6,2.1,48.7,3.5,103.4-2.5c54.7-6,106.2-25.6,106.2-25.6V0H0v30.3c0,0,72,32.6,158.4,30.5c39.2-0.7,92.8-6.7,134-22.4\n\tc21.2-8.1,52.2-18.2,79.7-24.2C399.3,7.9,411.6,7.5,421.9,6.5z\"\/>\n<\/svg>\t\t<\/div>\n\t\t\t\t\t<div class=\"elementor-container elementor-column-gap-default\">\n\t\t\t\t\t<div class=\"elementor-column elementor-col-100 elementor-top-column elementor-element elementor-element-4320528a\" data-id=\"4320528a\" data-element_type=\"column\" data-e-type=\"column\">\n\t\t\t<div class=\"elementor-widget-wrap elementor-element-populated\">\n\t\t\t\t\t\t<div class=\"elementor-element elementor-element-6c6457e7 elementor-widget elementor-widget-heading\" data-id=\"6c6457e7\" data-element_type=\"widget\" data-e-type=\"widget\" data-widget_type=\"heading.default\">\n\t\t\t\t\t<h1 class=\"elementor-heading-title elementor-size-default\">Politique en mati\u00e8re de cookies<\/h1>\t\t\t\t<\/div>\n\t\t\t\t\t<\/div>\n\t\t<\/div>\n\t\t\t\t\t<\/div>\n\t\t<\/section>\n\t\t\t\t<section class=\"elementor-section elementor-top-section elementor-element elementor-element-0bed458 elementor-section-boxed elementor-section-height-default elementor-section-height-default\" data-id=\"0bed458\" data-element_type=\"section\" data-e-type=\"section\">\n\t\t\t\t\t\t<div class=\"elementor-container elementor-column-gap-default\">\n\t\t\t\t\t<div class=\"elementor-column elementor-col-100 elementor-top-column elementor-element elementor-element-61f783a\" data-id=\"61f783a\" data-element_type=\"column\" data-e-type=\"column\">\n\t\t\t<div class=\"elementor-widget-wrap elementor-element-populated\">\n\t\t\t\t\t\t<div class=\"elementor-element elementor-element-9fb5c3e elementor-widget elementor-widget-text-editor\" data-id=\"9fb5c3e\" data-element_type=\"widget\" data-e-type=\"widget\" data-widget_type=\"text-editor.default\">\n\t\t\t\t\t\t\t\t\t<p>Bienvenue sur le site de la soci\u00e9t\u00e9 PGK Design srl.<\/p>\n<p>Sur <strong>www.pgkart.com<\/strong> nous nous engageons \u00e0 prot\u00e9ger la confidentialit\u00e9 et la s\u00e9curit\u00e9 des informations personnelles de tous les visiteurs de ce site. Pour t\u00e9moigner de cet engagement, notre d\u00e9claration de politique de confidentialit\u00e9 d\u00e9crit les informations que nous demandons \u00e0 nos visiteurs, les raisons pour lesquelles nous les demandons et la mani\u00e8re dont elles sont trait\u00e9es. Nous vous encourageons \u00e0 consulter cette Politique de confidentialit\u00e9. Puisque cette Politique de confidentialit\u00e9 peut \u00eatre mise \u00e0 jour sans pr\u00e9avis, veuillez donc en v\u00e9rifier les termes p\u00e9riodiquement. Toutes les mises \u00e0 jour seront publi\u00e9es sur ce site.<\/p>\n<p>Cette page d\u00e9crit la mani\u00e8re dont le site est g\u00e9r\u00e9 en ce qui concerne le traitement des donn\u00e9es \u00e0 caract\u00e8re personnel des utilisateurs qui le consultent.<\/p>\n<p>Ces informations sont \u00e9galement fournies conform\u00e9ment aux articles 13 et 14 du R\u00e8glement (UE) 2016\/679, du d\u00e9cret l\u00e9gislatif 196\/2003 et du d\u00e9cret l\u00e9gislatif 101\/18 &#8211; R\u00e8glement europ\u00e9en sur la protection des donn\u00e9es personnelles de ceux qui interagissent avec les services de PGK Design srl, accessibles par voie \u00e9lectronique \u00e0 l&rsquo;adresse <strong>www.pgkart.com<\/strong> correspondant \u00e0 la page d&rsquo;accueil du site officiel de PGK Design srl.<\/p>\n<p>Les informations sont fournies uniquement pour le site Internet de la soci\u00e9t\u00e9 PGK Design srl et non pas pour d&rsquo;autres sites Internet qui peuvent \u00eatre consult\u00e9s par l&rsquo;utilisateur par le biais de liens Internet.<\/p>\n<p>Les informations fournies se fondent \u00e9galement sur la Recommandation n\u00b0 2\/2001 que les autorit\u00e9s europ\u00e9ennes pour la protection des donn\u00e9es \u00e0 caract\u00e8re personnel, r\u00e9unies au sein du groupe de travail \u00e9tabli par l&rsquo;article 29 de la Directive n\u00b0 95\/46\/CE, ont adopt\u00e9e le 17 mai 2001 afin d&rsquo;identifier certaines exigences minimales pour la collecte en ligne de donn\u00e9es \u00e0 caract\u00e8re personnel, et en particulier la mani\u00e8re, le moment et la nature des informations que les responsables du traitement des donn\u00e9es doivent fournir aux utilisateurs lorsqu&rsquo;ils se connectent \u00e0 des pages Internet, quel que soit le but de la connexion.<\/p>\n<p>La recommandation et une description synth\u00e9tique de son objet sont disponibles sur le site officiel du Contr\u00f4leur de la protection des donn\u00e9es \u00e0 caract\u00e8re personnel.<\/p>\n<h3>LE RESPONSABLE DU TRAITEMENT<\/h3>\n<p>Suite \u00e0 la consultation de ce site, des donn\u00e9es relatives \u00e0 des personnes identifi\u00e9es ou identifiables peuvent \u00eatre trait\u00e9es. Le \u00ab\u00a0responsable\u00a0\u00bb de leur traitement est la soci\u00e9t\u00e9 PGK Design srl, dont le si\u00e8ge social est situ\u00e9 \u00e0 C.so Matteotti 80, 60035, Jesi (AN), Italie.<\/p>\n<h3>LIEU DU TRAITEMENT DES DONN\u00c9ES<\/h3>\n<p>Les op\u00e9rations de traitement li\u00e9es aux services web de ce site Internet ont lieu dans les bureaux susmentionn\u00e9s de la soci\u00e9t\u00e9 PGK Design srl et sont effectu\u00e9es uniquement par le personnel technique du bureau charg\u00e9 du traitement ou par des personnes charg\u00e9es d&rsquo;\u00e9ventuelles op\u00e9rations de maintenance.<\/p>\n<p>Aucune donn\u00e9e provenant du service web n&rsquo;est communiqu\u00e9e ou diffus\u00e9e.<\/p>\n<p>Les donn\u00e9es personnelles fournies par les utilisateurs sont utilis\u00e9es dans le seul but de fournir le service ou la prestation demand\u00e9e et ne sont communiqu\u00e9es \u00e0 des tiers que si cela est indispensable pour fournir ledit service ou ladite prestation.<\/p>\n<p><strong>TYPES DE DONN\u00c9ES TRAIT\u00c9ES<\/strong><\/p>\n<p>Donn\u00e9es de navigation<\/p>\n<p>Les syst\u00e8mes informatiques et les proc\u00e9dures informatiques utilis\u00e9s pour le fonctionnement de ce site Internet collectent, au cours de leur fonctionnement habituel, certaines donn\u00e9es personnelles dont la transmission est implicite dans l&rsquo;utilisation des protocoles de communication Internet.<\/p>\n<p>Ces informations ne sont pas collect\u00e9es pour \u00eatre associ\u00e9es \u00e0 des personnes identifi\u00e9es, mais par leur propre nature, elles pourraient, gr\u00e2ce \u00e0 un traitement et \u00e0 une association avec des donn\u00e9es d\u00e9tenues par des tiers, permettre d&rsquo;identifier les utilisateurs.<\/p>\n<p>Cette cat\u00e9gorie de donn\u00e9es comprend les adresses IP ou les noms de domaine des ordinateurs utilis\u00e9s par les utilisateurs qui se connectent au site, les adresses URI (Uniform Resource Identifier) des ressources demand\u00e9es, l&rsquo;heure de la demande, la proc\u00e9dure utilis\u00e9e pour soumettre la demande au serveur, la taille du fichier obtenu en r\u00e9ponse, le code num\u00e9rique indiquant l&rsquo;\u00e9tat de la r\u00e9ponse donn\u00e9e par le serveur (r\u00e9ussite, erreur, etc.) et d&rsquo;autres param\u00e8tres relatifs au syst\u00e8me d&rsquo;exploitation et \u00e0 l&rsquo;environnement informatique de l&rsquo;utilisateur.<\/p>\n<p>Ces donn\u00e9es sont utilis\u00e9es dans le seul but d&rsquo;obtenir des informations statistiques anonymes sur l&rsquo;utilisation du site et de v\u00e9rifier son bon fonctionnement et sont supprim\u00e9es imm\u00e9diatement apr\u00e8s leur traitement. Les donn\u00e9es pourraient \u00eatre utilis\u00e9es pour \u00e9tablir les responsabilit\u00e9s en cas d&rsquo;\u00e9ventuels crimes informatiques contre le site : hormis cette possibilit\u00e9, \u00e0 l&rsquo;heure actuelle, les donn\u00e9es sur les contacts web ne sont conserv\u00e9es que pendant sept jours.<\/p>\n<p>Donn\u00e9es fournies volontairement par l&rsquo;utilisateur<\/p>\n<p>L&rsquo;envoi facultatif, explicite et volontaire de courriers \u00e9lectroniques aux adresses indiqu\u00e9es sur ce site implique la collecte de l&rsquo;adresse de l&rsquo;exp\u00e9diteur, n\u00e9cessaire pour r\u00e9pondre aux demandes, ainsi que de toute autre donn\u00e9e personnelle incluse dans le message.<\/p>\n<p>Des informations synth\u00e9tiques sp\u00e9cifiques seront progressivement transmises ou affich\u00e9es sur les pages du site con\u00e7ues pour des services particuliers sur demande.<\/p>\n<p><strong>CARACT\u00c8RE FACULTATIF DE LA COMMUNICATION DES DONN\u00c9ES<\/strong><\/p>\n<p>En plus de ce qui est indiqu\u00e9 pour les donn\u00e9es de navigation, l&rsquo;utilisateur est libre de fournir les donn\u00e9es personnelles figurant dans les formulaires de demande adress\u00e9s \u00e0 PGK Design srl ou fournies lors des \u00e9changes ou des communications avec le bureau pour demander de la documentation.<\/p>\n<p>Le fait de ne pas communiquer ces informations peut entra\u00eener l&rsquo;impossibilit\u00e9 d&rsquo;obtenir ce qui a \u00e9t\u00e9 demand\u00e9. Par souci d&rsquo;exhaustivit\u00e9, il faut rappeler que dans certains cas (qui ne font pas l&rsquo;objet de la gestion ordinaire de ce site) PGK Design srl peut demander des nouvelles et des informations (de l&rsquo;art. 15 \u00e0 l&rsquo;art. 22 du R\u00e8glement UE 2016\/679, du d\u00e9cret l\u00e9gislatif 196\/2003 et du d\u00e9cret l\u00e9gislatif 101\/18), afin de contr\u00f4ler le traitement des donn\u00e9es \u00e0 caract\u00e8re personnel. Dans ces cas, la r\u00e9ponse est obligatoire sous peine de sanction administrative.<\/p>\n<p><strong>MODALIT\u00c9S DU TRAITEMENT<\/strong><\/p>\n<p>Les donn\u00e9es \u00e0 caract\u00e8re personnel sont trait\u00e9es par des syst\u00e8mes automatis\u00e9s pendant le temps strictement n\u00e9cessaire pour atteindre les objectifs pour lesquels elles ont \u00e9t\u00e9 collect\u00e9es.<\/p>\n<p>Des mesures de s\u00e9curit\u00e9 sp\u00e9cifiques sont observ\u00e9es pour pr\u00e9venir la perte de donn\u00e9es, l&rsquo;utilisation ill\u00e9gale ou incorrecte et l&rsquo;acc\u00e8s non autoris\u00e9.<\/p>\n<p><strong>DROITS DES PERSONNES CONCERN\u00c9ES<\/strong><\/p>\n<p>Les personnes auxquelles se r\u00e9f\u00e8rent les donn\u00e9es personnelles ont le droit d&rsquo;obtenir \u00e0 tout moment la confirmation de l&rsquo;existence de ces donn\u00e9es et d&rsquo;en conna\u00eetre leur contenu et leur origine, d&rsquo;en v\u00e9rifier l&rsquo;exactitude ou d&rsquo;en demander l&rsquo;int\u00e9gration ou la mise \u00e0 jour, ou la rectification (de l&rsquo;art. 15 \u00e0 l&rsquo;art. 22 du R\u00e8glement UE 2016\/679, du d\u00e9cret l\u00e9gislatif n\u00b0 196\/2003 et du d\u00e9cret l\u00e9gislatif 101\/18).<\/p>\n<p>Selon les m\u00eames articles, vous avez le droit de demander l&rsquo;annulation, la transformation sous forme anonyme ou le blocage des donn\u00e9es trait\u00e9es en violation de la loi, et de vous opposer en tout cas, pour des raisons l\u00e9gitimes, \u00e0 leur traitement.<\/p>\n<p>Les demandes doivent \u00eatre adress\u00e9es \u00e0 PGK Design srl.<\/p>\n<p><strong>INFORMATIONS SUR L&rsquo;UTILISATION DES COOKIES<\/strong><\/p>\n<p>En appuyant sur le bouton \u00ab\u00a0J&rsquo;accepte\u00a0\u00bb dans la barre d&rsquo;information au premier plan en bas de l&rsquo;\u00e9cran, l&rsquo;utilisateur accepte l&rsquo;utilisation et l&rsquo;installation dans le navigateur \u00e0 partir duquel il consulte le site <strong>www.pgkart.com<\/strong>, des cookies tiers (expliqu\u00e9s ci-dessous), \u00e0 des fins statistiques (voir Google Analytics) et le fonctionnement de plugins sociaux tels que la like box Facebook. Ces outils et ces technologies sont expliqu\u00e9s ci-dessous.<\/p>\n<p>Le site Internet <strong>www.pgkart.com<\/strong> utilise des cookies et des technologies similaires pour garantir le bon fonctionnement des proc\u00e9dures et pour am\u00e9liorer l&rsquo;exp\u00e9rience d&rsquo;utilisation des applications en ligne. Ce document fournit des informations d\u00e9taill\u00e9es sur l&rsquo;utilisation des cookies et des technologies similaires, sur la mani\u00e8re dont ils sont utilis\u00e9s par PGK Design srl et sur la proc\u00e9dure \u00e0 suivre pour les g\u00e9rer.<\/p>\n<p><strong>D\u00e9finitions<\/strong><\/p>\n<p>Les cookies sont de courts fragments de texte (lettres et\/ou chiffres) qui permettent au serveur web de stocker des informations sur le client (le navigateur) afin de les r\u00e9utiliser lors de la m\u00eame visite sur le site (cookies de session) ou plus tard, voire des jours plus tard (cookies persistants). Les cookies sont stock\u00e9s, selon les pr\u00e9f\u00e9rences de l&rsquo;utilisateur, par le navigateur individuel sur le dispositif sp\u00e9cifique utilis\u00e9 (ordinateur, tablette, smartphone, etc.).<\/p>\n<p>Des technologies similaires, telles que, par exemple, les balises web, les GIF transparents et toutes les formes de stockage local introduites avec HTML5, peuvent \u00eatre utilis\u00e9es pour collecter des informations sur le comportement des utilisateurs et sur l&rsquo;utilisation des services.<\/p>\n<p>Dans la suite de ce document, nous ferons r\u00e9f\u00e9rence aux cookies et \u00e0 toutes les technologies similaires en utilisant simplement le terme \u00ab\u00a0cookie\u00a0\u00bb.<\/p>\n<p><strong>Types de cookies<\/strong><\/p>\n<p>En fonction des caract\u00e9ristiques et de l&rsquo;utilisation des cookies, nous pouvons distinguer diff\u00e9rentes cat\u00e9gories :<\/p>\n<ul>\n<li><strong>Cookies strictement n\u00e9cessaires<\/strong>. Ces cookies sont indispensables au bon fonctionnement du site <strong>www.pgkart.com<\/strong> et sont utilis\u00e9s pour g\u00e9rer la langue de consultation du site. La dur\u00e9e des cookies est strictement limit\u00e9e \u00e0 la session de travail (une fois le navigateur ferm\u00e9, ils sont supprim\u00e9s).<\/li>\n<li><strong>Cookies d&rsquo;analyse et de performance<\/strong>. Il s&rsquo;agit de cookies utilis\u00e9s pour collecter et analyser le trafic et l&rsquo;utilisation du site de mani\u00e8re anonyme. Ces cookies, sans identifier l&rsquo;utilisateur, permettent, par exemple, de d\u00e9tecter si le m\u00eame utilisateur se reconnecte \u00e0 diff\u00e9rents moments. Ils permettent \u00e9galement de contr\u00f4ler le syst\u00e8me et d&rsquo;am\u00e9liorer ses performances et sa convivialit\u00e9. La d\u00e9sactivation de ces cookies peut \u00eatre effectu\u00e9e sans aucune perte de fonctionnalit\u00e9.<\/li>\n<li><strong>Cookies de profilage. <\/strong>Il s&rsquo;agit de cookies permanents utilis\u00e9s pour identifier (anonymement ou non) les pr\u00e9f\u00e9rences de l&rsquo;utilisateur et pour am\u00e9liorer son exp\u00e9rience de navigation. Le site Internet www.pgkart.com n&rsquo;utilise pas de cookies de ce type)<\/li>\n<\/ul>\n<p><strong>\u00a0<\/strong><strong>Cookies de tierces parties<\/strong><\/p>\n<p>Lorsque vous visitez un site Internet, vous pouvez recevoir des cookies soit du site Internet que vous visitez (\u00ab\u00a0propri\u00e9taires\u00a0\u00bb), soit de sites internet g\u00e9r\u00e9s par d&rsquo;autres organisations (\u00ab\u00a0tiers\u00a0\u00bb). Un exemple significatif est la pr\u00e9sence de \u00ab\u00a0plugins sociaux\u00a0\u00bb pour Facebook et autres : Twitter, Google+ et LinkedIn, qui sont des parties de la page visit\u00e9e qui sont g\u00e9n\u00e9r\u00e9es directement \u00e0 partir de ces sites et int\u00e9gr\u00e9es dans la page du site h\u00f4te. L&rsquo;utilisation la plus courante des plugins sociaux est le partage de contenu sur les r\u00e9seaux sociaux.<\/p>\n<p>La pr\u00e9sence de ces plugins implique la transmission de cookies vers et depuis tous les sites exploit\u00e9s par des tiers. La gestion des informations collect\u00e9es par des \u00ab\u00a0tiers\u00a0\u00bb est r\u00e9gie par les informations pertinentes auxquelles vous devez vous r\u00e9f\u00e9rer. Dans un souci de transparence et de simplicit\u00e9, voici les adresses Internet des diff\u00e9rentes politiques et la mani\u00e8re dont nous g\u00e9rons les cookies.<\/p>\n<p><strong>Facebook<\/strong><\/p>\n<p>Informations concernant Facebook :\u00a0<a href=\"https:\/\/www.facebook.com\/help\/cookie\/\" target=\"_blank\" rel=\"noopener\">https:\/\/www.facebook.com\/help\/cookie\/<\/a><\/p>\n<p>Facebook (configuration) : connectez-vous \u00e0 votre compte. Section \u00ab\u00a0Confidentialit\u00e9\u00a0\u00bb.<\/p>\n<p><strong>Google Analytics<\/strong><\/p>\n<p>Le site Internet <strong>www.pgkart.com<\/strong> comprend \u00e9galement certains \u00e9l\u00e9ments transmis par Google Analytics, un service d&rsquo;analyse du trafic Internet fourni par Google, Inc. (\u00ab\u00a0Google\u00a0\u00bb). Dans ce cas \u00e9galement, il s&rsquo;agit de cookies tiers qui sont collect\u00e9s et g\u00e9r\u00e9s de mani\u00e8re anonyme pour v\u00e9rifier et am\u00e9liorer les performances du site Internet (cookie de performance).<\/p>\n<p>Google Analytics utilise des \u00ab\u00a0cookies\u00a0\u00bb pour collecter et analyser anonymement des informations sur l&rsquo;utilisation du site Internet <strong>www.pgkart.com<\/strong> (y compris l&rsquo;adresse IP de l&rsquo;utilisateur). Ces informations sont collect\u00e9es par Google Analytics, qui les traite dans le but de r\u00e9diger des rapports sur l&rsquo;activit\u00e9 du site Internet pour les op\u00e9rateurs de <strong>www.pgkart.com<\/strong>. Ce site internet n&rsquo;utilise pas (et ne permet pas \u00e0 des tiers d&rsquo;utiliser) l&rsquo;outil d&rsquo;analyse de Google pour contr\u00f4ler ou collecter des informations personnelles permettant l&rsquo;identification de l&rsquo;utilisateur. Google n&rsquo;associe pas l&rsquo;adresse IP \u00e0 d&rsquo;autres donn\u00e9es d\u00e9tenues par Google et ne tente pas de relier une adresse IP \u00e0 l&rsquo;identit\u00e9 d&rsquo;un utilisateur. Google peut \u00e9galement communiquer ces informations \u00e0 des tiers lorsque la loi l&rsquo;exige ou lorsque ces tiers traitent les informations pour le compte de Google.<\/p>\n<p>Pour plus d&rsquo;informations, veuillez vous r\u00e9f\u00e9rer au lien ci-dessous :<\/p>\n<p><a href=\"https:\/\/www.google.it\/policies\/privacy\/partners\/\" target=\"_blank\" rel=\"noopener\">https:\/\/www.google.it\/policies\/privacy\/partners\/<\/a><\/p>\n<p>vorrei mettere la versione corrispondente in francese ma clccando sul link l\u2019url cambia cos\u00ec <a href=\"https:\/\/policies.google.com\/technologies\/partner-sites\" target=\"_blank\" rel=\"noopener\">https:\/\/policies.google.com\/technologies\/partner-sites<\/a><br \/>\ne selezionando la lingua ottengo questo:<a href=\"https:\/\/policies.google.com\/technologies\/partner-sites?hl=fr\" target=\"_blank\" rel=\"noopener\">https:\/\/policies.google.com\/technologies\/partner-sites?hl=fr<\/a><\/p>\n<p>L&rsquo;utilisateur peut d\u00e9sactiver de mani\u00e8re s\u00e9lective l&rsquo;action de Google Analytics en installant sur son navigateur le composant de d\u00e9sactivation fourni par Google. Pour d\u00e9sactiver l&rsquo;action Google Analytics, veuillez vous r\u00e9f\u00e9rer au lien ci-dessous :<\/p>\n<p><a href=\"https:\/\/www.facebook.com\/help\/cookie\/\" target=\"_blank\" rel=\"noopener\">https:\/\/tools.google.com\/dlpage\/gaoptout<\/a><\/p>\n<p><strong>Dur\u00e9e des cookies<\/strong><\/p>\n<p>Certains cookies (cookies de session) ne restent actifs que jusqu&rsquo;\u00e0 ce que le navigateur soit ferm\u00e9 ou que la demande de d\u00e9connexion soit ex\u00e9cut\u00e9e. D&rsquo;autres cookies \u00ab\u00a0survivent\u00a0\u00bb lorsque le navigateur est ferm\u00e9 et sont \u00e9galement disponibles lors des visites successives de l&rsquo;utilisateur.<\/p>\n<p>Ces cookies sont dits persistants et leur dur\u00e9e est fix\u00e9e par le serveur lors de leur cr\u00e9ation. Dans certains cas, une date d&rsquo;expiration est fix\u00e9e, dans d&rsquo;autres, la dur\u00e9e est illimit\u00e9e. Le site <strong>www.pgkart.com<\/strong> n&rsquo;utilise pas de cookies \u00e0 dur\u00e9e illimit\u00e9e.<\/p>\n<p>Toutefois, en naviguant sur les pages du site <strong>www.pgkart.com<\/strong>, vous pouvez interagir avec des sites g\u00e9r\u00e9s par des tiers qui peuvent cr\u00e9er ou modifier des cookies permanents et de profilage.<\/p>\n<p><strong>Gestion des cookies<\/strong><\/p>\n<p>L&rsquo;utilisateur peut d\u00e9cider d&rsquo;accepter ou de refuser les cookies en utilisant les param\u00e8tres de son navigateur.<\/p>\n<p><strong>Attention <\/strong>: la d\u00e9sactivation totale ou partielle des cookies techniques peut compromettre l&rsquo;utilisation des fonctionnalit\u00e9s du site r\u00e9serv\u00e9es aux utilisateurs enregistr\u00e9s. En revanche, il est \u00e9galement possible de consulter les contenus publics en d\u00e9sactivant compl\u00e8tement les cookies.<\/p>\n<p>La d\u00e9sactivation des cookies \u00ab\u00a0tiers\u00a0\u00bb n&rsquo;affecte en rien la navigabilit\u00e9.<\/p>\n<p>Le param\u00e9trage peut \u00eatre d\u00e9fini sp\u00e9cifiquement pour diff\u00e9rents sites Internet et applications web. Par ailleurs, les meilleurs navigateurs vous permettent de d\u00e9finir diff\u00e9rents param\u00e8tres pour les cookies \u00ab\u00a0propri\u00e9taires\u00a0\u00bb et \u00ab\u00a0tiers\u00a0\u00bb.<\/p>\n<p>\u00c0 titre d&rsquo;exemple, dans Firefox, gr\u00e2ce au menu Outils-&gt;Options-&gt;Confidentialit\u00e9, vous pouvez acc\u00e9der \u00e0 un panneau de contr\u00f4le o\u00f9 vous pouvez d\u00e9finir si vous acceptez ou refuser les diff\u00e9rents types de cookies et proc\u00e9der \u00e0 leur suppression.<\/p>\n<ul>\n<li>Chrome :\u00a0<a href=\"https:\/\/support.google.com\/chrome\/answer\/95647?hl=fr\" target=\"_blank\" rel=\"noopener\">https:\/\/support.google.com\/chrome\/answer\/95647?hl=fr<\/a><\/li>\n<li>Firefox :\u00a0<a href=\"https:\/\/support.mozilla.org\/fr\/kb\/cookies-informations-sites-enregistrent\" target=\"_blank\" rel=\"noopener\">https:\/\/support.mozilla.org\/fr\/kb\/cookies-informations-sites-enregistrent<\/a><\/li>\n<li>Internet Explorer :\u00a0<a href=\"http:\/\/windows.microsoft.com\/it-it\/windows7\/how-to-manage-cookie-in-internet-explorer-9\" target=\"_blank\" rel=\"noopener\">http:\/\/windows.microsoft.com\/it-it\/windows7\/how-to-manage-cookie-in-internet-explorer-9<\/a><\/li>\n<li>Opera :\u00a0<a href=\"http:\/\/windows.microsoft.com\/it-it\/windows7\/how-to-manage-cookie-in-internet-explorer-9\" target=\"_blank\" rel=\"noopener\">https:\/\/www.opera.com\/help\/tutorials\/security\/privacy\/<\/a><\/li>\n<li>Safari :\u00a0<a href=\"https:\/\/support.apple.com\/fr-fr\/HT201265\" target=\"_blank\" rel=\"noopener\">https:\/\/support.apple.com\/fr-fr\/HT201265<\/a><\/li>\n<\/ul>\n<p><strong>Mise \u00e0 jour des informations<\/strong><\/p>\n<p><strong>PGK Design srl <\/strong>tiendra ces informati<\/p>\n\t\t\t\t\t\t\t\t<\/div>\n\t\t\t\t\t<\/div>\n\t\t<\/div>\n\t\t\t\t\t<\/div>\n\t\t<\/section>\n\t\t\t\t<\/div>\n\t\t","protected":false},"excerpt":{"rendered":"<p>Bienvenue sur le site de la soci\u00e9t\u00e9 PGK Design srl. Sur www.pgkart.com nous nous engageons \u00e0 prot\u00e9ger la confidentialit\u00e9 et la s\u00e9curit\u00e9 des informations personnelles de tous les visiteurs de ce site. Pour t\u00e9moigner de cet engagement, notre d\u00e9claration de politique de confidentialit\u00e9 d\u00e9crit les informations que nous demandons \u00e0 nos visiteurs, les raisons pour &#8230; <a title=\"Politique en mati\u00e8re de cookies\" class=\"read-more\" href=\"https:\/\/www.pgkart.com\/fr\/cookies\/\" aria-label=\"En savoir plus sur Politique en mati\u00e8re de cookies\">Lire la suite<\/a><\/p>\n","protected":false},"author":1,"featured_media":0,"parent":0,"menu_order":0,"comment_status":"closed","ping_status":"closed","template":"elementor_header_footer","meta":{"footnotes":""},"class_list":["post-2537","page","type-page","status-publish"],"_links":{"self":[{"href":"https:\/\/www.pgkart.com\/fr\/wp-json\/wp\/v2\/pages\/2537","targetHints":{"allow":["GET"]}}],"collection":[{"href":"https:\/\/www.pgkart.com\/fr\/wp-json\/wp\/v2\/pages"}],"about":[{"href":"https:\/\/www.pgkart.com\/fr\/wp-json\/wp\/v2\/types\/page"}],"author":[{"embeddable":true,"href":"https:\/\/www.pgkart.com\/fr\/wp-json\/wp\/v2\/users\/1"}],"replies":[{"embeddable":true,"href":"https:\/\/www.pgkart.com\/fr\/wp-json\/wp\/v2\/comments?post=2537"}],"version-history":[{"count":0,"href":"https:\/\/www.pgkart.com\/fr\/wp-json\/wp\/v2\/pages\/2537\/revisions"}],"wp:attachment":[{"href":"https:\/\/www.pgkart.com\/fr\/wp-json\/wp\/v2\/media?parent=2537"}],"curies":[{"name":"wp","href":"https:\/\/api.w.org\/{rel}","templated":true}]}}